{"id":9748,"date":"2021-03-30T19:02:47","date_gmt":"2021-03-30T18:02:47","guid":{"rendered":"https:\/\/josipdol.hr\/?page_id=9748"},"modified":"2024-05-03T10:38:07","modified_gmt":"2024-05-03T09:38:07","slug":"izbori","status":"publish","type":"page","link":"https:\/\/josipdol.hr\/stara\/izbori\/","title":{"rendered":"Izbori"},"content":{"rendered":"\t\t<div data-elementor-type=\"wp-page\" data-elementor-id=\"9748\" class=\"elementor elementor-9748\" data-elementor-settings=\"[]\">\n\t\t\t\t\t\t<div class=\"elementor-inner\">\n\t\t\t\t\t\t\t<div class=\"elementor-section-wrap\">\n\t\t\t\t\t\t\t<section class=\"elementor-section elementor-top-section elementor-element elementor-element-3e771da elementor-section-boxed elementor-section-height-default elementor-section-height-default\" data-id=\"3e771da\" data-element_type=\"section\">\n\t\t\t\t\t\t<div class=\"elementor-container elementor-column-gap-default\">\n\t\t\t\t\t\t\t<div class=\"elementor-row\">\n\t\t\t\t\t<div class=\"elementor-column elementor-col-100 elementor-top-column elementor-element elementor-element-e9517f9\" data-id=\"e9517f9\" data-element_type=\"column\">\n\t\t\t<div class=\"elementor-column-wrap elementor-element-populated\">\n\t\t\t\t\t\t\t<div class=\"elementor-widget-wrap\">\n\t\t\t\t\t\t<div class=\"elementor-element elementor-element-00b452f elementor-widget elementor-widget-ova_heading\" data-id=\"00b452f\" data-element_type=\"widget\" data-widget_type=\"ova_heading.default\">\n\t\t\t\t<div class=\"elementor-widget-container\">\n\t\t\t\t\t<div class=\"ova-heading\">\n\t\t\t\n\t\t\t\t\t\t\t<h3 class=\"title second_font\">Izbori<\/h3>\n\t\t\t\n\t\t\t\t\t\t\t<p class=\"sub-title \">Saznajte vi\u0161e o izborima<\/p>\n\t\t\t\n\t\t<\/div>\n\t\t\t\t<\/div>\n\t\t\t\t<\/div>\n\t\t\t\t<section class=\"elementor-section elementor-inner-section elementor-element elementor-element-9f196f9 elementor-section-content-middle elementor-section-boxed elementor-section-height-default elementor-section-height-default\" data-id=\"9f196f9\" data-element_type=\"section\">\n\t\t\t\t\t\t<div class=\"elementor-container elementor-column-gap-default\">\n\t\t\t\t\t\t\t<div class=\"elementor-row\">\n\t\t\t\t\t<div class=\"elementor-column elementor-col-50 elementor-inner-column elementor-element elementor-element-8c317fd\" data-id=\"8c317fd\" data-element_type=\"column\">\n\t\t\t<div class=\"elementor-column-wrap elementor-element-populated\">\n\t\t\t\t\t\t\t<div class=\"elementor-widget-wrap\">\n\t\t\t\t\t\t<div class=\"elementor-element elementor-element-723606c elementor-widget elementor-widget-ova_box_feature_2\" data-id=\"723606c\" data-element_type=\"widget\" data-widget_type=\"ova_box_feature_2.default\">\n\t\t\t\t<div class=\"elementor-widget-container\">\n\t\t\t\t\t<div class=\"ova_box_feature_2\">\n\t\t\t\t\n\t\t\t\t\t\t\t\t<h3 class=\"title\">\n\t\t\t\t\tLokalni izbori\t\t\t\t<\/h3>\n\t\t\t\t\n\t\t\t\t\t\t\t\t<p class=\"excerpt\">\n\t\t\t\t\t-\t\t\t\t<\/p>\n\t\t\t\t\n\t\t\t\t\t\t\t\t\t<div class=\"readmore\">\n\t\t\t\t\t\t<a class=\"second_font\" href=\"https:\/\/josipdol.hr\/izbori\/lokalni\/\" >Vi\u0161e...<\/a>\n\t\t\t\t\t<\/div>\n\t\t\t\t\n\t\t<\/div>\n\n\t\t\t\t<\/div>\n\t\t\t\t<\/div>\n\t\t\t\t\t\t<\/div>\n\t\t\t\t\t<\/div>\n\t\t<\/div>\n\t\t\t\t<div class=\"elementor-column elementor-col-50 elementor-inner-column elementor-element elementor-element-256747b\" data-id=\"256747b\" data-element_type=\"column\">\n\t\t\t<div class=\"elementor-column-wrap elementor-element-populated\">\n\t\t\t\t\t\t\t<div class=\"elementor-widget-wrap\">\n\t\t\t\t\t\t<div class=\"elementor-element elementor-element-a28769e elementor-widget elementor-widget-ova_box_feature_2\" data-id=\"a28769e\" data-element_type=\"widget\" data-widget_type=\"ova_box_feature_2.default\">\n\t\t\t\t<div class=\"elementor-widget-container\">\n\t\t\t\t\t<div class=\"ova_box_feature_2\">\n\t\t\t\t\n\t\t\t\t\t\t\t\t<h3 class=\"title\">\n\t\t\t\t\tParlamentarni izbori\t\t\t\t<\/h3>\n\t\t\t\t\n\t\t\t\t\t\t\t\t<p class=\"excerpt\">\n\t\t\t\t\t-\t\t\t\t<\/p>\n\t\t\t\t\n\t\t\t\t\t\t\t\t\t<div class=\"readmore\">\n\t\t\t\t\t\t<a class=\"second_font\" href=\"https:\/\/josipdol.hr\/izbori\/parlamentarni-izbori\/\" >Vi\u0161e...<\/a>\n\t\t\t\t\t<\/div>\n\t\t\t\t\n\t\t<\/div>\n\n\t\t\t\t<\/div>\n\t\t\t\t<\/div>\n\t\t\t\t\t\t<\/div>\n\t\t\t\t\t<\/div>\n\t\t<\/div>\n\t\t\t\t\t\t\t\t<\/div>\n\t\t\t\t\t<\/div>\n\t\t<\/section>\n\t\t\t\t<section class=\"elementor-section elementor-inner-section elementor-element elementor-element-5a42570 elementor-section-content-middle elementor-section-boxed elementor-section-height-default elementor-section-height-default\" data-id=\"5a42570\" data-element_type=\"section\">\n\t\t\t\t\t\t<div class=\"elementor-container elementor-column-gap-default\">\n\t\t\t\t\t\t\t<div class=\"elementor-row\">\n\t\t\t\t\t<div class=\"elementor-column elementor-col-33 elementor-inner-column elementor-element elementor-element-0750d8c\" data-id=\"0750d8c\" data-element_type=\"column\">\n\t\t\t<div class=\"elementor-column-wrap elementor-element-populated\">\n\t\t\t\t\t\t\t<div class=\"elementor-widget-wrap\">\n\t\t\t\t\t\t<div class=\"elementor-element elementor-element-7a4077f elementor-widget elementor-widget-ova_box_feature_2\" data-id=\"7a4077f\" data-element_type=\"widget\" data-widget_type=\"ova_box_feature_2.default\">\n\t\t\t\t<div class=\"elementor-widget-container\">\n\t\t\t\t\t<div class=\"ova_box_feature_2\">\n\t\t\t\t\n\t\t\t\t\t\t\t\t<h3 class=\"title\">\n\t\t\t\t\tPredsjedni\u010dki izbori\t\t\t\t<\/h3>\n\t\t\t\t\n\t\t\t\t\t\t\t\t<p class=\"excerpt\">\n\t\t\t\t\t-\t\t\t\t<\/p>\n\t\t\t\t\n\t\t\t\t\t\t\t\t\t<div class=\"readmore\">\n\t\t\t\t\t\t<a class=\"second_font\" href=\"https:\/\/josipdol.hr\/uskoro\/\" >Vi\u0161e...<\/a>\n\t\t\t\t\t<\/div>\n\t\t\t\t\n\t\t<\/div>\n\n\t\t\t\t<\/div>\n\t\t\t\t<\/div>\n\t\t\t\t\t\t<\/div>\n\t\t\t\t\t<\/div>\n\t\t<\/div>\n\t\t\t\t<div class=\"elementor-column elementor-col-33 elementor-inner-column elementor-element elementor-element-e49a65a\" data-id=\"e49a65a\" data-element_type=\"column\">\n\t\t\t<div class=\"elementor-column-wrap elementor-element-populated\">\n\t\t\t\t\t\t\t<div class=\"elementor-widget-wrap\">\n\t\t\t\t\t\t<div class=\"elementor-element elementor-element-8f32e09 elementor-widget elementor-widget-ova_box_feature_2\" data-id=\"8f32e09\" data-element_type=\"widget\" data-widget_type=\"ova_box_feature_2.default\">\n\t\t\t\t<div class=\"elementor-widget-container\">\n\t\t\t\t\t<div class=\"ova_box_feature_2\">\n\t\t\t\t\n\t\t\t\t\t\t\t\t<h3 class=\"title\">\n\t\t\t\t\tIzbori za EU parlament\t\t\t\t<\/h3>\n\t\t\t\t\n\t\t\t\t\t\t\t\t<p class=\"excerpt\">\n\t\t\t\t\t-\t\t\t\t<\/p>\n\t\t\t\t\n\t\t\t\t\t\t\t\t\t<div class=\"readmore\">\n\t\t\t\t\t\t<a class=\"second_font\" href=\"https:\/\/josipdol.hr\/uskoro\/\" >Vi\u0161e...<\/a>\n\t\t\t\t\t<\/div>\n\t\t\t\t\n\t\t<\/div>\n\n\t\t\t\t<\/div>\n\t\t\t\t<\/div>\n\t\t\t\t\t\t<\/div>\n\t\t\t\t\t<\/div>\n\t\t<\/div>\n\t\t\t\t<div class=\"elementor-column elementor-col-33 elementor-inner-column elementor-element elementor-element-ebcf8cc\" data-id=\"ebcf8cc\" data-element_type=\"column\">\n\t\t\t<div class=\"elementor-column-wrap elementor-element-populated\">\n\t\t\t\t\t\t\t<div class=\"elementor-widget-wrap\">\n\t\t\t\t\t\t<div class=\"elementor-element elementor-element-c7a4327 elementor-widget elementor-widget-ova_box_feature_2\" data-id=\"c7a4327\" data-element_type=\"widget\" data-widget_type=\"ova_box_feature_2.default\">\n\t\t\t\t<div class=\"elementor-widget-container\">\n\t\t\t\t\t<div class=\"ova_box_feature_2\">\n\t\t\t\t\n\t\t\t\t\t\t\t\t<h3 class=\"title\">\n\t\t\t\t\tLokalni referendum\t\t\t\t<\/h3>\n\t\t\t\t\n\t\t\t\t\t\t\t\t<p class=\"excerpt\">\n\t\t\t\t\t-\t\t\t\t<\/p>\n\t\t\t\t\n\t\t\t\t\t\t\t\t\t<div class=\"readmore\">\n\t\t\t\t\t\t<a class=\"second_font\" href=\"https:\/\/josipdol.hr\/uskoro\/\" >Vi\u0161e...<\/a>\n\t\t\t\t\t<\/div>\n\t\t\t\t\n\t\t<\/div>\n\n\t\t\t\t<\/div>\n\t\t\t\t<\/div>\n\t\t\t\t\t\t<\/div>\n\t\t\t\t\t<\/div>\n\t\t<\/div>\n\t\t\t\t\t\t\t\t<\/div>\n\t\t\t\t\t<\/div>\n\t\t<\/section>\n\t\t\t\t\t\t<\/div>\n\t\t\t\t\t<\/div>\n\t\t<\/div>\n\t\t\t\t\t\t\t\t<\/div>\n\t\t\t\t\t<\/div>\n\t\t<\/section>\n\t\t\t\t\t\t<\/div>\n\t\t\t\t\t\t<\/div>\n\t\t\t\t\t<\/div>\n\t\t","protected":false},"excerpt":{"rendered":"<p>Izbori Saznajte vi\u0161e o izborima Lokalni izbori &#8211; Vi\u0161e&#8230; Parlamentarni izbori &#8211; Vi\u0161e&#8230; Predsjedni\u010dki izbori &#8211; Vi\u0161e&#8230; Izbori za EU parlament &#8211; Vi\u0161e&#8230; Lokalni referendum &#8211; Vi\u0161e&#8230;<\/p>\n","protected":false},"author":12,"featured_media":5066,"parent":0,"menu_order":0,"comment_status":"closed","ping_status":"closed","template":"elementor_header_footer","meta":{"footnotes":""},"_links":{"self":[{"href":"https:\/\/josipdol.hr\/stara\/wp-json\/wp\/v2\/pages\/9748"}],"collection":[{"href":"https:\/\/josipdol.hr\/stara\/wp-json\/wp\/v2\/pages"}],"about":[{"href":"https:\/\/josipdol.hr\/stara\/wp-json\/wp\/v2\/types\/page"}],"author":[{"embeddable":true,"href":"https:\/\/josipdol.hr\/stara\/wp-json\/wp\/v2\/users\/12"}],"replies":[{"embeddable":true,"href":"https:\/\/josipdol.hr\/stara\/wp-json\/wp\/v2\/comments?post=9748"}],"version-history":[{"count":10,"href":"https:\/\/josipdol.hr\/stara\/wp-json\/wp\/v2\/pages\/9748\/revisions"}],"predecessor-version":[{"id":16010,"href":"https:\/\/josipdol.hr\/stara\/wp-json\/wp\/v2\/pages\/9748\/revisions\/16010"}],"wp:featuredmedia":[{"embeddable":true,"href":"https:\/\/josipdol.hr\/stara\/wp-json\/wp\/v2\/media\/5066"}],"wp:attachment":[{"href":"https:\/\/josipdol.hr\/stara\/wp-json\/wp\/v2\/media?parent=9748"}],"curies":[{"name":"wp","href":"https:\/\/api.w.org\/{rel}","templated":true}]}}