{"id":8314,"date":"2021-01-31T16:02:25","date_gmt":"2021-01-31T15:02:25","guid":{"rendered":"https:\/\/josipdol.hr\/?page_id=8314"},"modified":"2021-01-31T16:14:10","modified_gmt":"2021-01-31T15:14:10","slug":"prorealiza","status":"publish","type":"page","link":"https:\/\/josipdol.hr\/stara\/informacije-i-usluge\/prpr\/prorealiza\/","title":{"rendered":"Projekti u realizaciji"},"content":{"rendered":"\t\t<div data-elementor-type=\"wp-page\" data-elementor-id=\"8314\" class=\"elementor elementor-8314\" data-elementor-settings=\"[]\">\n\t\t\t\t\t\t<div class=\"elementor-inner\">\n\t\t\t\t\t\t\t<div class=\"elementor-section-wrap\">\n\t\t\t\t\t\t\t<section class=\"elementor-section elementor-top-section elementor-element elementor-element-3e771da elementor-section-boxed elementor-section-height-default elementor-section-height-default\" data-id=\"3e771da\" data-element_type=\"section\">\n\t\t\t\t\t\t<div class=\"elementor-container elementor-column-gap-default\">\n\t\t\t\t\t\t\t<div class=\"elementor-row\">\n\t\t\t\t\t<div class=\"elementor-column elementor-col-100 elementor-top-column elementor-element elementor-element-e9517f9\" data-id=\"e9517f9\" data-element_type=\"column\">\n\t\t\t<div class=\"elementor-column-wrap elementor-element-populated\">\n\t\t\t\t\t\t\t<div class=\"elementor-widget-wrap\">\n\t\t\t\t\t\t<div class=\"elementor-element elementor-element-00b452f elementor-widget elementor-widget-ova_heading\" data-id=\"00b452f\" data-element_type=\"widget\" data-widget_type=\"ova_heading.default\">\n\t\t\t\t<div class=\"elementor-widget-container\">\n\t\t\t\t\t<div class=\"ova-heading\">\n\t\t\t\n\t\t\t\t\t\t\t<h3 class=\"title second_font\">Projekti u realizaciji<\/h3>\n\t\t\t\n\t\t\t\t\t\t\t<p class=\"sub-title \">Op\u0107ine Josipdol<\/p>\n\t\t\t\n\t\t<\/div>\n\t\t\t\t<\/div>\n\t\t\t\t<\/div>\n\t\t\t\t\t\t<\/div>\n\t\t\t\t\t<\/div>\n\t\t<\/div>\n\t\t\t\t\t\t\t\t<\/div>\n\t\t\t\t\t<\/div>\n\t\t<\/section>\n\t\t\t\t<section class=\"elementor-section elementor-top-section elementor-element elementor-element-fea4b21 elementor-section-boxed elementor-section-height-default elementor-section-height-default\" data-id=\"fea4b21\" data-element_type=\"section\">\n\t\t\t\t\t\t<div class=\"elementor-container elementor-column-gap-default\">\n\t\t\t\t\t\t\t<div class=\"elementor-row\">\n\t\t\t\t\t<div class=\"elementor-column elementor-col-100 elementor-top-column elementor-element elementor-element-f385686\" data-id=\"f385686\" data-element_type=\"column\">\n\t\t\t<div class=\"elementor-column-wrap elementor-element-populated\">\n\t\t\t\t\t\t\t<div class=\"elementor-widget-wrap\">\n\t\t\t\t\t\t<div class=\"elementor-element elementor-element-e6655a0 elementor-widget elementor-widget-ova_heading\" data-id=\"e6655a0\" data-element_type=\"widget\" data-widget_type=\"ova_heading.default\">\n\t\t\t\t<div class=\"elementor-widget-container\">\n\t\t\t\t\t<div class=\"ova-heading\">\n\t\t\t\n\t\t\t\t\t\t\t<h3 class=\"title second_font\">Uskoro dostupno<\/h3>\n\t\t\t\n\t\t\t\t\t\t\t<p class=\"sub-title \">Sadr\u017eaj \u0107e biti uskoro dostupan. <br>Hvala na razumijevanju.<\/p>\n\t\t\t\n\t\t<\/div>\n\t\t\t\t<\/div>\n\t\t\t\t<\/div>\n\t\t\t\t\t\t<\/div>\n\t\t\t\t\t<\/div>\n\t\t<\/div>\n\t\t\t\t\t\t\t\t<\/div>\n\t\t\t\t\t<\/div>\n\t\t<\/section>\n\t\t\t\t<section class=\"elementor-section elementor-top-section elementor-element elementor-element-a1ad61a elementor-section-boxed elementor-section-height-default elementor-section-height-default\" data-id=\"a1ad61a\" data-element_type=\"section\">\n\t\t\t\t\t\t<div class=\"elementor-container elementor-column-gap-default\">\n\t\t\t\t\t\t\t<div class=\"elementor-row\">\n\t\t\t\t\t<div class=\"elementor-column elementor-col-100 elementor-top-column elementor-element elementor-element-c90bd96\" data-id=\"c90bd96\" data-element_type=\"column\">\n\t\t\t<div class=\"elementor-column-wrap elementor-element-populated\">\n\t\t\t\t\t\t\t<div class=\"elementor-widget-wrap\">\n\t\t\t\t\t\t<div class=\"elementor-element elementor-element-652ccec elementor-widget elementor-widget-ova_mission\" data-id=\"652ccec\" data-element_type=\"widget\" data-widget_type=\"ova_mission.default\">\n\t\t\t\t<div class=\"elementor-widget-container\">\n\t\t\t\n\t\t<div class=\"ova_mission\">\n\t\t\t<div class=\"items\">\n\t\t\t\t\t\t\t\t\n\t\t\t\t<div class=\"content\">\n\t\t\t\t\t\t\t\t\t\t\t\t\t\t\t\n\t\t\t\t\t\t\t\t\t\t<a href=\"https:\/\/josipdol.hr\/informacije-i-usluge\/\" class=\"second_font readmore\">\n\t\t\t\t\t\tPovratak na pregled Informacija i usluga\t\t\t\t\t\t<i data-feather=\"arrow-right\"><\/i>\n\t\t\t\t\t<\/a>\n\t\t\t\t\t\t\t\t\t<\/div>\n\n\t\t\t<\/div>\n\t\t<\/div>\n\t\t\n\n\t\t\t\t<\/div>\n\t\t\t\t<\/div>\n\t\t\t\t\t\t<\/div>\n\t\t\t\t\t<\/div>\n\t\t<\/div>\n\t\t\t\t\t\t\t\t<\/div>\n\t\t\t\t\t<\/div>\n\t\t<\/section>\n\t\t\t\t\t\t<\/div>\n\t\t\t\t\t\t<\/div>\n\t\t\t\t\t<\/div>\n\t\t","protected":false},"excerpt":{"rendered":"<p>Projekti u realizaciji Op\u0107ine Josipdol Uskoro dostupno Sadr\u017eaj \u0107e biti uskoro dostupan. Hvala na razumijevanju. Povratak na pregled Informacija i usluga<\/p>\n","protected":false},"author":12,"featured_media":4961,"parent":7150,"menu_order":0,"comment_status":"closed","ping_status":"closed","template":"elementor_header_footer","meta":{"footnotes":""},"_links":{"self":[{"href":"https:\/\/josipdol.hr\/stara\/wp-json\/wp\/v2\/pages\/8314"}],"collection":[{"href":"https:\/\/josipdol.hr\/stara\/wp-json\/wp\/v2\/pages"}],"about":[{"href":"https:\/\/josipdol.hr\/stara\/wp-json\/wp\/v2\/types\/page"}],"author":[{"embeddable":true,"href":"https:\/\/josipdol.hr\/stara\/wp-json\/wp\/v2\/users\/12"}],"replies":[{"embeddable":true,"href":"https:\/\/josipdol.hr\/stara\/wp-json\/wp\/v2\/comments?post=8314"}],"version-history":[{"count":4,"href":"https:\/\/josipdol.hr\/stara\/wp-json\/wp\/v2\/pages\/8314\/revisions"}],"predecessor-version":[{"id":8338,"href":"https:\/\/josipdol.hr\/stara\/wp-json\/wp\/v2\/pages\/8314\/revisions\/8338"}],"up":[{"embeddable":true,"href":"https:\/\/josipdol.hr\/stara\/wp-json\/wp\/v2\/pages\/7150"}],"wp:featuredmedia":[{"embeddable":true,"href":"https:\/\/josipdol.hr\/stara\/wp-json\/wp\/v2\/media\/4961"}],"wp:attachment":[{"href":"https:\/\/josipdol.hr\/stara\/wp-json\/wp\/v2\/media?parent=8314"}],"curies":[{"name":"wp","href":"https:\/\/api.w.org\/{rel}","templated":true}]}}