{"id":7781,"date":"2021-01-29T15:48:34","date_gmt":"2021-01-29T14:48:34","guid":{"rendered":"https:\/\/josipdol.hr\/?page_id=7781"},"modified":"2025-03-24T11:40:12","modified_gmt":"2025-03-24T10:40:12","slug":"groblja","status":"publish","type":"page","link":"https:\/\/josipdol.hr\/stara\/informacije-i-usluge\/ko-go\/groblja\/","title":{"rendered":"Groblja i grobna naknada"},"content":{"rendered":"\t\t<div data-elementor-type=\"wp-page\" data-elementor-id=\"7781\" class=\"elementor elementor-7781\" data-elementor-settings=\"[]\">\n\t\t\t\t\t\t<div class=\"elementor-inner\">\n\t\t\t\t\t\t\t<div class=\"elementor-section-wrap\">\n\t\t\t\t\t\t\t<section class=\"elementor-section elementor-top-section elementor-element elementor-element-3e771da elementor-section-boxed elementor-section-height-default elementor-section-height-default\" data-id=\"3e771da\" data-element_type=\"section\">\n\t\t\t\t\t\t<div class=\"elementor-container elementor-column-gap-default\">\n\t\t\t\t\t\t\t<div class=\"elementor-row\">\n\t\t\t\t\t<div class=\"elementor-column elementor-col-100 elementor-top-column elementor-element elementor-element-e9517f9\" data-id=\"e9517f9\" data-element_type=\"column\">\n\t\t\t<div class=\"elementor-column-wrap elementor-element-populated\">\n\t\t\t\t\t\t\t<div class=\"elementor-widget-wrap\">\n\t\t\t\t\t\t<div class=\"elementor-element elementor-element-00b452f elementor-widget elementor-widget-ova_heading\" data-id=\"00b452f\" data-element_type=\"widget\" data-widget_type=\"ova_heading.default\">\n\t\t\t\t<div class=\"elementor-widget-container\">\n\t\t\t\t\t<div class=\"ova-heading\">\n\t\t\t\n\t\t\t\t\t\t\t<h3 class=\"title second_font\">Groblja i grobna naknada<\/h3>\n\t\t\t\n\t\t\t\t\t\t\t<p class=\"sub-title \">Op\u0107ine Josipdol<\/p>\n\t\t\t\n\t\t<\/div>\n\t\t\t\t<\/div>\n\t\t\t\t<\/div>\n\t\t\t\t\t\t<\/div>\n\t\t\t\t\t<\/div>\n\t\t<\/div>\n\t\t\t\t\t\t\t\t<\/div>\n\t\t\t\t\t<\/div>\n\t\t<\/section>\n\t\t\t\t<section class=\"elementor-section elementor-top-section elementor-element elementor-element-fea4b21 elementor-section-boxed elementor-section-height-default elementor-section-height-default\" data-id=\"fea4b21\" data-element_type=\"section\">\n\t\t\t\t\t\t<div class=\"elementor-container elementor-column-gap-default\">\n\t\t\t\t\t\t\t<div class=\"elementor-row\">\n\t\t\t\t\t<div class=\"elementor-column elementor-col-100 elementor-top-column elementor-element elementor-element-f385686\" data-id=\"f385686\" data-element_type=\"column\">\n\t\t\t<div class=\"elementor-column-wrap elementor-element-populated\">\n\t\t\t\t\t\t\t<div class=\"elementor-widget-wrap\">\n\t\t\t\t\t\t<section class=\"elementor-section elementor-inner-section elementor-element elementor-element-16b8a8f elementor-section-content-top elementor-section-boxed elementor-section-height-default elementor-section-height-default\" data-id=\"16b8a8f\" data-element_type=\"section\">\n\t\t\t\t\t\t<div class=\"elementor-container elementor-column-gap-default\">\n\t\t\t\t\t\t\t<div class=\"elementor-row\">\n\t\t\t\t\t<div class=\"elementor-column elementor-col-50 elementor-inner-column elementor-element elementor-element-d358e1e\" data-id=\"d358e1e\" data-element_type=\"column\">\n\t\t\t<div class=\"elementor-column-wrap elementor-element-populated\">\n\t\t\t\t\t\t\t<div class=\"elementor-widget-wrap\">\n\t\t\t\t\t\t<div class=\"elementor-element elementor-element-dc71736 elementor-widget elementor-widget-heading\" data-id=\"dc71736\" data-element_type=\"widget\" data-widget_type=\"heading.default\">\n\t\t\t\t<div class=\"elementor-widget-container\">\n\t\t\t<h3 class=\"elementor-heading-title elementor-size-default\">Dokumenti<\/h3>\t\t<\/div>\n\t\t\t\t<\/div>\n\t\t\t\t<div class=\"elementor-element elementor-element-1da8759 elementor-widget elementor-widget-ova_doc\" data-id=\"1da8759\" data-element_type=\"widget\" data-widget_type=\"ova_doc.default\">\n\t\t\t\t<div class=\"elementor-widget-container\">\n\t\t\t<div class=\"ova-document-list\">\n\t<div class=\"icon-doc\">\n\t\t<i class=\"flaticon-google-docs\"><\/i>\n\t<\/div>\n\t<div class=\"list-doc\">\n\t\t\t\t\t<div class=\"item\">\n\t\t\t\t\t\t\t\t<h3 class=\"title\">\n\t\t\t\t\t<a href=\"https:\/\/josipdol.hr\/stara\/ova_doc\/pravila-ponasanja-na-groblju\/\">\n\t\t\t\t\t\tPravila pona\u0161anja na groblju\t\t\t\t\t<\/a>\n\t\t\t\t<\/h3>\n\t\t\t\t\t\t\t\t\t\t\t\t<p class=\"date\">\n\t\t\t\t\t29\/12\/2023\t\t\t\t<\/p>\n\t\t\t\t\n\t\t\t<\/div>\n\n\t\t\t\t\t<div class=\"item\">\n\t\t\t\t\t\t\t\t<h3 class=\"title\">\n\t\t\t\t\t<a href=\"https:\/\/josipdol.hr\/stara\/ova_doc\/polozajni-nacrti-groblja\/\">\n\t\t\t\t\t\tPolo\u017eajni nacrti groblja\t\t\t\t\t<\/a>\n\t\t\t\t<\/h3>\n\t\t\t\t\t\t\t\t\t\t\t\t<p class=\"date\">\n\t\t\t\t\t29\/01\/2021\t\t\t\t<\/p>\n\t\t\t\t\n\t\t\t<\/div>\n\n\t\t\t\t\t<div class=\"item\">\n\t\t\t\t\t\t\t\t<h3 class=\"title\">\n\t\t\t\t\t<a href=\"https:\/\/josipdol.hr\/stara\/ova_doc\/izvjesce-o-grobnim-mjestima-na-podrucju-opcine-josipdol\/\">\n\t\t\t\t\t\tIzvje\u0161\u0107e o grobnim mjestima na podru\u010dju Op\u0107ine Josipdol\t\t\t\t\t<\/a>\n\t\t\t\t<\/h3>\n\t\t\t\t\t\t\t\t\t\t\t\t<p class=\"date\">\n\t\t\t\t\t29\/01\/2021\t\t\t\t<\/p>\n\t\t\t\t\n\t\t\t<\/div>\n\n\t\t\t\t\t<div class=\"item\">\n\t\t\t\t\t\t\t\t<h3 class=\"title\">\n\t\t\t\t\t<a href=\"https:\/\/josipdol.hr\/stara\/ova_doc\/dokumentacija-za-izdavanje-suglasnosti-za-izvodenje-radova-na-grobljima\/\">\n\t\t\t\t\t\tDokumentacija za izdavanje suglasnosti za izvo\u0111enje radova na grobljima\t\t\t\t\t<\/a>\n\t\t\t\t<\/h3>\n\t\t\t\t\t\t\t\t\t\t\t\t<p class=\"date\">\n\t\t\t\t\t29\/01\/2021\t\t\t\t<\/p>\n\t\t\t\t\n\t\t\t<\/div>\n\n\t\t\t\t\t<div class=\"item\">\n\t\t\t\t\t\t\t\t<h3 class=\"title\">\n\t\t\t\t\t<a href=\"https:\/\/josipdol.hr\/stara\/ova_doc\/odluke-nacelnika-o-placanju-naknada-za-mrtvacnicu-i-uredenje-grobnih-mjesta\/\">\n\t\t\t\t\t\tOdluke Na\u010delnika o pla\u0107anju naknada za mrtva\u010dnicu i ure\u0111enje grobnih mjesta\t\t\t\t\t<\/a>\n\t\t\t\t<\/h3>\n\t\t\t\t\t\t\t\t\t\t\t\t<p class=\"date\">\n\t\t\t\t\t29\/01\/2021\t\t\t\t<\/p>\n\t\t\t\t\n\t\t\t<\/div>\n\n\t\t\t\t\t<div class=\"item\">\n\t\t\t\t\t\t\t\t<h3 class=\"title\">\n\t\t\t\t\t<a href=\"https:\/\/josipdol.hr\/stara\/ova_doc\/opci-uvjeti-isporuke-usluge-ukopa-pokojnika-na-grobljima\/\">\n\t\t\t\t\t\tOp\u0107i uvjeti isporuke usluge ukopa pokojnika na grobljima\t\t\t\t\t<\/a>\n\t\t\t\t<\/h3>\n\t\t\t\t\t\t\t\t\t\t\t\t<p class=\"date\">\n\t\t\t\t\t29\/01\/2021\t\t\t\t<\/p>\n\t\t\t\t\n\t\t\t<\/div>\n\n\t\t\t\t\t<div class=\"item\">\n\t\t\t\t\t\t\t\t<h3 class=\"title\">\n\t\t\t\t\t<a href=\"https:\/\/josipdol.hr\/stara\/ova_doc\/cjenici-grobnih-mjesta-i-pogrebnih-usluga\/\">\n\t\t\t\t\t\tCjenici grobnih mjesta i pogrebnih usluga\t\t\t\t\t<\/a>\n\t\t\t\t<\/h3>\n\t\t\t\t\t\t\t\t\t\t\t\t<p class=\"date\">\n\t\t\t\t\t29\/01\/2021\t\t\t\t<\/p>\n\t\t\t\t\n\t\t\t<\/div>\n\n\t\t\n\t\t\n\t<\/div>\n<\/div>\t\t<\/div>\n\t\t\t\t<\/div>\n\t\t\t\t<div class=\"elementor-element elementor-element-279ec01 elementor-align-center elementor-widget elementor-widget-button\" data-id=\"279ec01\" data-element_type=\"widget\" data-widget_type=\"button.default\">\n\t\t\t\t<div class=\"elementor-widget-container\">\n\t\t\t\t\t<div class=\"elementor-button-wrapper\">\n\t\t\t<a href=\"https:\/\/josipdol.hr\/cat_doc\/doc-gro\/\" class=\"elementor-button-link elementor-button elementor-size-md\" role=\"button\">\n\t\t\t\t\t\t<span class=\"elementor-button-content-wrapper\">\n\t\t\t\t\t\t<span class=\"elementor-button-text\">Popis svih dokumenata<\/span>\n\t\t<\/span>\n\t\t\t\t\t<\/a>\n\t\t<\/div>\n\t\t\t\t<\/div>\n\t\t\t\t<\/div>\n\t\t\t\t\t\t<\/div>\n\t\t\t\t\t<\/div>\n\t\t<\/div>\n\t\t\t\t<div class=\"elementor-column elementor-col-50 elementor-inner-column elementor-element elementor-element-30de495\" data-id=\"30de495\" data-element_type=\"column\">\n\t\t\t<div class=\"elementor-column-wrap elementor-element-populated\">\n\t\t\t\t\t\t\t<div class=\"elementor-widget-wrap\">\n\t\t\t\t\t\t<div class=\"elementor-element elementor-element-b9ef0de elementor-widget elementor-widget-accordion\" data-id=\"b9ef0de\" data-element_type=\"widget\" data-widget_type=\"accordion.default\">\n\t\t\t\t<div class=\"elementor-widget-container\">\n\t\t\t\t\t<div class=\"elementor-accordion\" role=\"tablist\">\n\t\t\t\t\t\t\t<div class=\"elementor-accordion-item\">\n\t\t\t\t\t<div id=\"elementor-tab-title-1941\" class=\"elementor-tab-title\" data-tab=\"1\" role=\"tab\" aria-controls=\"elementor-tab-content-1941\" aria-expanded=\"false\">\n\t\t\t\t\t\t\t\t\t\t\t\t\t<span class=\"elementor-accordion-icon elementor-accordion-icon-left\" aria-hidden=\"true\">\n\t\t\t\t\t\t\t\t\t\t\t\t\t\t\t<span class=\"elementor-accordion-icon-closed\"><i class=\"fas fa-plus\"><\/i><\/span>\n\t\t\t\t\t\t\t\t<span class=\"elementor-accordion-icon-opened\"><i class=\"fas fa-minus\"><\/i><\/span>\n\t\t\t\t\t\t\t\t\t\t\t\t\t\t<\/span>\n\t\t\t\t\t\t\t\t\t\t\t\t<a class=\"elementor-accordion-title\" href=\"\">Kontakt podaci slu\u017ebenika za groblja i grobna mjesta<\/a>\n\t\t\t\t\t<\/div>\n\t\t\t\t\t<div id=\"elementor-tab-content-1941\" class=\"elementor-tab-content elementor-clearfix\" data-tab=\"1\" role=\"tabpanel\" aria-labelledby=\"elementor-tab-title-1941\"><ul>\n<li><span style=\"color: #ff0000;\"><strong>NATALIJA BOKULI\u0106<\/strong><\/span>,&nbsp;referent prihoda i&nbsp;<a role=\"link\" href=\"https:\/\/josipdol.hr\/informacije-i-usluge\/info\/osoba-zaduzena-za-nepravilnosti\/\" target=\"_blank\" rel=\"noopener\" data-saferedirecturl=\"https:\/\/www.google.com\/url?q=https:\/\/josipdol.hr\/informacije-i-usluge\/info\/osoba-zaduzena-za-nepravilnosti\/&amp;source=gmail&amp;ust=1611997489400000&amp;usg=AFQjCNF2rjpossz2Y9ETlHCK8qHBqda1xA\">osoba zadu\u017eena za nepravilnosti<\/a>,<br>E-mail: <a role=\"link\" href=\"mailto:natalija.bokulic@josipdol.hr\" target=\"_blank\" rel=\"noopener\">natalija.bokulic@<wbr>josipdol.hr<\/a><br><br><\/li>\n<\/ul><\/div>\n\t\t\t\t<\/div>\n\t\t\t\t\t\t\t\t<\/div>\n\t\t\t\t<\/div>\n\t\t\t\t<\/div>\n\t\t\t\t<div class=\"elementor-element elementor-element-2e33984 elementor-widget elementor-widget-accordion\" data-id=\"2e33984\" data-element_type=\"widget\" data-widget_type=\"accordion.default\">\n\t\t\t\t<div class=\"elementor-widget-container\">\n\t\t\t\t\t<div class=\"elementor-accordion\" role=\"tablist\">\n\t\t\t\t\t\t\t<div class=\"elementor-accordion-item\">\n\t\t\t\t\t<div id=\"elementor-tab-title-4841\" class=\"elementor-tab-title\" data-tab=\"1\" role=\"tab\" aria-controls=\"elementor-tab-content-4841\" aria-expanded=\"false\">\n\t\t\t\t\t\t\t\t\t\t\t\t\t<span class=\"elementor-accordion-icon elementor-accordion-icon-left\" aria-hidden=\"true\">\n\t\t\t\t\t\t\t\t\t\t\t\t\t\t\t<span class=\"elementor-accordion-icon-closed\"><i class=\"fas fa-plus\"><\/i><\/span>\n\t\t\t\t\t\t\t\t<span class=\"elementor-accordion-icon-opened\"><i class=\"fas fa-minus\"><\/i><\/span>\n\t\t\t\t\t\t\t\t\t\t\t\t\t\t<\/span>\n\t\t\t\t\t\t\t\t\t\t\t\t<a class=\"elementor-accordion-title\" href=\"\">Popis groblja na podru\u010dju Op\u0107ine Josipdol<\/a>\n\t\t\t\t\t<\/div>\n\t\t\t\t\t<div id=\"elementor-tab-content-4841\" class=\"elementor-tab-content elementor-clearfix\" data-tab=\"1\" role=\"tabpanel\" aria-labelledby=\"elementor-tab-title-4841\"><ul><li><strong>Groblje Josipdol<\/strong><ul><li>Grobar: Jasmin Su\u0161a \u2013\u00a0 Tel: <a href=\"http:\/\/tel:+385997782296\">099\/778 2296<\/a><\/li><\/ul><\/li><li><strong>Groblje O\u0161tarije<\/strong><ul><li>Grobar: Robert Bo\u0161njak \u2013 Tel:\u00a0<a href=\"http:\/\/tel:+385976634219\" target=\"_blank\" rel=\"noopener\">097\/663 4219<\/a><\/li><\/ul><\/li><li><strong>Groblje Klipino brdo<\/strong><ul><li>Grobar: Jasmin Su\u0161a \u2013\u00a0 Tel:\u00a0<a style=\"color: #0056b3; background-color: #ffffff; outline: none;\" href=\"http:\/\/tel:+385997782296\/\">099\/778 2296<\/a><\/li><\/ul><\/li><li><strong>Groblje Popovi\u0107i<\/strong><ul><li>Grobar: Jasmin Su\u0161a \u2013\u00a0 Tel:\u00a0<a style=\"color: #0056b3; background-color: #ffffff; outline: none;\" href=\"http:\/\/tel:+385997782296\/\">099\/778 2296<\/a><\/li><\/ul><\/li><li><strong>Groblje Cerovnik<\/strong><ul><li>Grobar: Zdravko Kosanovi\u0107 &#8211; Tel: <a href=\"+385992551935\">099-255-1935<\/a><\/li><\/ul><\/li><li><strong>Groblje Cerovnik (malo)<\/strong><ul><li>Grobar: Zdravko Kosanovi\u0107 &#8211; Tel: <a href=\"+385992551935\">099-255-1935<\/a><\/li><\/ul><\/li><li><strong>Groblje Vojnovac<\/strong><ul><li>Grobar: Jasmin Su\u0161a \u2013\u00a0 Tel:\u00a0<a style=\"color: #0056b3; background-color: #ffffff; outline: none;\" href=\"http:\/\/tel:+385997782296\/\">099\/778 2296<\/a><\/li><\/ul><\/li><li><strong>Groblje Podveljun<\/strong><ul><li>Grobar: Jasmin Su\u0161a \u2013\u00a0 Tel:\u00a0<a style=\"color: #0056b3; background-color: #ffffff; outline: none;\" href=\"http:\/\/tel:+385997782296\/\">099\/778 2296<\/a><\/li><\/ul><\/li><li><strong>Groblje Modru\u0161 \u2013 Kocalj<\/strong><ul><li>Grobar: Jasmin Su\u0161a \u2013\u00a0 Tel:\u00a0<a style=\"color: #0056b3; background-color: #ffffff; outline: none;\" href=\"http:\/\/tel:+385997782296\/\">099\/778 2296<\/a><\/li><\/ul><\/li><li><strong>Groblje Modru\u0161 (malo)<\/strong><ul><li>Grobar: Jasmin Su\u0161a \u2013\u00a0 Tel:\u00a0<a style=\"color: #0056b3; background-color: #ffffff; outline: none;\" href=\"http:\/\/tel:+385997782296\/\">099\/778 2296<\/a><\/li><\/ul><\/li><li><strong>Groblje Trojvrh \u2013 Trlice<\/strong><\/li><li><strong>Groblje Pitomi Javor<\/strong><\/li><\/ul><\/div>\n\t\t\t\t<\/div>\n\t\t\t\t\t\t\t\t<\/div>\n\t\t\t\t<\/div>\n\t\t\t\t<\/div>\n\t\t\t\t\t\t<\/div>\n\t\t\t\t\t<\/div>\n\t\t<\/div>\n\t\t\t\t\t\t\t\t<\/div>\n\t\t\t\t\t<\/div>\n\t\t<\/section>\n\t\t\t\t<section class=\"elementor-section elementor-inner-section elementor-element elementor-element-f951bcc elementor-section-boxed elementor-section-height-default elementor-section-height-default\" data-id=\"f951bcc\" data-element_type=\"section\">\n\t\t\t\t\t\t<div class=\"elementor-container elementor-column-gap-default\">\n\t\t\t\t\t\t\t<div class=\"elementor-row\">\n\t\t\t\t\t<div class=\"elementor-column elementor-col-100 elementor-inner-column elementor-element elementor-element-3e4dd14\" data-id=\"3e4dd14\" data-element_type=\"column\">\n\t\t\t<div class=\"elementor-column-wrap elementor-element-populated\">\n\t\t\t\t\t\t\t<div class=\"elementor-widget-wrap\">\n\t\t\t\t\t\t<div class=\"elementor-element elementor-element-6a6378f elementor-widget elementor-widget-accordion\" data-id=\"6a6378f\" data-element_type=\"widget\" data-widget_type=\"accordion.default\">\n\t\t\t\t<div class=\"elementor-widget-container\">\n\t\t\t\t\t<div class=\"elementor-accordion\" role=\"tablist\">\n\t\t\t\t\t\t\t<div class=\"elementor-accordion-item\">\n\t\t\t\t\t<div id=\"elementor-tab-title-1111\" class=\"elementor-tab-title\" data-tab=\"1\" role=\"tab\" aria-controls=\"elementor-tab-content-1111\" aria-expanded=\"false\">\n\t\t\t\t\t\t\t\t\t\t\t\t\t<span class=\"elementor-accordion-icon elementor-accordion-icon-left\" aria-hidden=\"true\">\n\t\t\t\t\t\t\t\t\t\t\t\t\t\t\t<span class=\"elementor-accordion-icon-closed\"><i class=\"fas fa-plus\"><\/i><\/span>\n\t\t\t\t\t\t\t\t<span class=\"elementor-accordion-icon-opened\"><i class=\"fas fa-minus\"><\/i><\/span>\n\t\t\t\t\t\t\t\t\t\t\t\t\t\t<\/span>\n\t\t\t\t\t\t\t\t\t\t\t\t<a class=\"elementor-accordion-title\" href=\"\">Odr\u017eavanje groblja<\/a>\n\t\t\t\t\t<\/div>\n\t\t\t\t\t<div id=\"elementor-tab-content-1111\" class=\"elementor-tab-content elementor-clearfix\" data-tab=\"1\" role=\"tabpanel\" aria-labelledby=\"elementor-tab-title-1111\"><p style=\"font-weight: 400;\">Odr\u017eavanje groblja obuhva\u0107a:<\/p><ul><li style=\"font-weight: 400;\">sanaciju o\u0161te\u0107enih staza, stepenica, te druge infrastrukture i opreme (ograde, vrata, kante za otpad i drugo)<\/li><li style=\"font-weight: 400;\">teku\u0107e odr\u017eavanje prostora mrtva\u010dnice i prate\u0107ih objekata<\/li><li style=\"font-weight: 400;\">odr\u017eavanje zelenila \u2013 ko\u0161nju travnjaka i drugih zelenih povr\u0161ina, prikupljanje otpada, odr\u017eavanje \u017eivica, ukrasnog grmlja i raslinja, okopavanje grmlja i stabala i sl.)<\/li><li style=\"font-weight: 400;\">pla\u0107anje komunalnih usluga (voda, odvoz otpada i sl.)<\/li><\/ul><p style=\"font-weight: 400;\">Poslovi odr\u017eavanja groblja obavljaju se putem komunalnog dru\u0161tva\u00a0 u vlasni\u0161tvu Op\u0107ine Josipdol &#8211; <a href=\"https:\/\/josipdol.hr\/informacije-i-usluge\/ko-go\/komunalno-josipdol\/\">KOMUNALNO JOSIPDOL d.o.o.<\/a><\/p><p style=\"font-weight: 400;\">Za odr\u017eavanje groblja vlasnici grobnih mjesta pla\u0107aju naknadu za odr\u017eavanje groblja.<\/p><\/div>\n\t\t\t\t<\/div>\n\t\t\t\t\t\t\t\t<\/div>\n\t\t\t\t<\/div>\n\t\t\t\t<\/div>\n\t\t\t\t\t\t<\/div>\n\t\t\t\t\t<\/div>\n\t\t<\/div>\n\t\t\t\t\t\t\t\t<\/div>\n\t\t\t\t\t<\/div>\n\t\t<\/section>\n\t\t\t\t\t\t<\/div>\n\t\t\t\t\t<\/div>\n\t\t<\/div>\n\t\t\t\t\t\t\t\t<\/div>\n\t\t\t\t\t<\/div>\n\t\t<\/section>\n\t\t\t\t<section class=\"elementor-section elementor-top-section elementor-element elementor-element-a1ad61a elementor-section-boxed elementor-section-height-default elementor-section-height-default\" data-id=\"a1ad61a\" data-element_type=\"section\">\n\t\t\t\t\t\t<div class=\"elementor-container elementor-column-gap-default\">\n\t\t\t\t\t\t\t<div class=\"elementor-row\">\n\t\t\t\t\t<div class=\"elementor-column elementor-col-100 elementor-top-column elementor-element elementor-element-c90bd96\" data-id=\"c90bd96\" data-element_type=\"column\">\n\t\t\t<div class=\"elementor-column-wrap elementor-element-populated\">\n\t\t\t\t\t\t\t<div class=\"elementor-widget-wrap\">\n\t\t\t\t\t\t<div class=\"elementor-element elementor-element-652ccec elementor-widget elementor-widget-ova_mission\" data-id=\"652ccec\" data-element_type=\"widget\" data-widget_type=\"ova_mission.default\">\n\t\t\t\t<div class=\"elementor-widget-container\">\n\t\t\t\n\t\t<div class=\"ova_mission\">\n\t\t\t<div class=\"items\">\n\t\t\t\t\t\t\t\t\n\t\t\t\t<div class=\"content\">\n\t\t\t\t\t\t\t\t\t\t\t\t\t\t\t\n\t\t\t\t\t\t\t\t\t\t<a href=\"https:\/\/josipdol.hr\/informacije-i-usluge\/ko-go\/\" class=\"second_font readmore\">\n\t\t\t\t\t\tPovratak na: Komunalno gospodarstvo\t\t\t\t\t\t<i data-feather=\"arrow-right\"><\/i>\n\t\t\t\t\t<\/a>\n\t\t\t\t\t\t\t\t\t<\/div>\n\n\t\t\t<\/div>\n\t\t<\/div>\n\t\t\n\n\t\t\t\t<\/div>\n\t\t\t\t<\/div>\n\t\t\t\t\t\t<\/div>\n\t\t\t\t\t<\/div>\n\t\t<\/div>\n\t\t\t\t\t\t\t\t<\/div>\n\t\t\t\t\t<\/div>\n\t\t<\/section>\n\t\t\t\t\t\t<\/div>\n\t\t\t\t\t\t<\/div>\n\t\t\t\t\t<\/div>\n\t\t","protected":false},"excerpt":{"rendered":"<p>Groblja i grobna naknada Op\u0107ine Josipdol Dokumenti Pravila pona\u0161anja na groblju 29\/12\/2023 Polo\u017eajni nacrti groblja 29\/01\/2021 Izvje\u0161\u0107e o grobnim mjestima na podru\u010dju Op\u0107ine Josipdol 29\/01\/2021 Dokumentacija za izdavanje suglasnosti za izvo\u0111enje radova na grobljima 29\/01\/2021 Odluke Na\u010delnika o pla\u0107anju naknada za mrtva\u010dnicu i ure\u0111enje grobnih mjesta 29\/01\/2021 Op\u0107i uvjeti isporuke usluge ukopa pokojnika na grobljima [&hellip;]<\/p>\n","protected":false},"author":12,"featured_media":5077,"parent":6090,"menu_order":0,"comment_status":"closed","ping_status":"closed","template":"elementor_header_footer","meta":{"footnotes":""},"_links":{"self":[{"href":"https:\/\/josipdol.hr\/stara\/wp-json\/wp\/v2\/pages\/7781"}],"collection":[{"href":"https:\/\/josipdol.hr\/stara\/wp-json\/wp\/v2\/pages"}],"about":[{"href":"https:\/\/josipdol.hr\/stara\/wp-json\/wp\/v2\/types\/page"}],"author":[{"embeddable":true,"href":"https:\/\/josipdol.hr\/stara\/wp-json\/wp\/v2\/users\/12"}],"replies":[{"embeddable":true,"href":"https:\/\/josipdol.hr\/stara\/wp-json\/wp\/v2\/comments?post=7781"}],"version-history":[{"count":40,"href":"https:\/\/josipdol.hr\/stara\/wp-json\/wp\/v2\/pages\/7781\/revisions"}],"predecessor-version":[{"id":17549,"href":"https:\/\/josipdol.hr\/stara\/wp-json\/wp\/v2\/pages\/7781\/revisions\/17549"}],"up":[{"embeddable":true,"href":"https:\/\/josipdol.hr\/stara\/wp-json\/wp\/v2\/pages\/6090"}],"wp:featuredmedia":[{"embeddable":true,"href":"https:\/\/josipdol.hr\/stara\/wp-json\/wp\/v2\/media\/5077"}],"wp:attachment":[{"href":"https:\/\/josipdol.hr\/stara\/wp-json\/wp\/v2\/media?parent=7781"}],"curies":[{"name":"wp","href":"https:\/\/api.w.org\/{rel}","templated":true}]}}