{"id":730,"date":"2020-07-29T02:27:29","date_gmt":"2020-07-29T01:27:29","guid":{"rendered":"http:\/\/demo.ovathemes.com\/egovt\/?page_id=730"},"modified":"2026-04-08T23:40:18","modified_gmt":"2026-04-08T22:40:18","slug":"ustroj","status":"publish","type":"page","link":"https:\/\/josipdol.hr\/stara\/ustroj\/","title":{"rendered":"Lokalna samouprava"},"content":{"rendered":"\t\t<div data-elementor-type=\"wp-page\" data-elementor-id=\"730\" class=\"elementor elementor-730\" data-elementor-settings=\"[]\">\n\t\t\t\t\t\t<div class=\"elementor-inner\">\n\t\t\t\t\t\t\t<div class=\"elementor-section-wrap\">\n\t\t\t\t\t\t\t<section class=\"elementor-section elementor-top-section elementor-element elementor-element-3e771da elementor-section-boxed elementor-section-height-default elementor-section-height-default\" data-id=\"3e771da\" data-element_type=\"section\">\n\t\t\t\t\t\t<div class=\"elementor-container elementor-column-gap-default\">\n\t\t\t\t\t\t\t<div class=\"elementor-row\">\n\t\t\t\t\t<div class=\"elementor-column elementor-col-100 elementor-top-column elementor-element elementor-element-e9517f9\" data-id=\"e9517f9\" data-element_type=\"column\">\n\t\t\t<div class=\"elementor-column-wrap elementor-element-populated\">\n\t\t\t\t\t\t\t<div class=\"elementor-widget-wrap\">\n\t\t\t\t\t\t<div class=\"elementor-element elementor-element-00b452f elementor-widget elementor-widget-ova_heading\" data-id=\"00b452f\" data-element_type=\"widget\" data-widget_type=\"ova_heading.default\">\n\t\t\t\t<div class=\"elementor-widget-container\">\n\t\t\t\t\t<div class=\"ova-heading\">\n\t\t\t\n\t\t\t\t\t\t\t<h3 class=\"title second_font\">Upoznajte lokalnu samoupravu<\/h3>\n\t\t\t\n\t\t\t\t\t\t\t<p class=\"sub-title \">Saznajte vi\u0161e o ustrojstvu, radu, aktivnostima i aktima lokalne samouprave. <\/p>\n\t\t\t\n\t\t<\/div>\n\t\t\t\t<\/div>\n\t\t\t\t<\/div>\n\t\t\t\t<section class=\"elementor-section elementor-inner-section elementor-element elementor-element-9f196f9 elementor-section-content-middle elementor-section-boxed elementor-section-height-default elementor-section-height-default\" data-id=\"9f196f9\" data-element_type=\"section\">\n\t\t\t\t\t\t<div class=\"elementor-container elementor-column-gap-default\">\n\t\t\t\t\t\t\t<div class=\"elementor-row\">\n\t\t\t\t\t<div class=\"elementor-column elementor-col-50 elementor-inner-column elementor-element elementor-element-8c317fd\" data-id=\"8c317fd\" data-element_type=\"column\">\n\t\t\t<div class=\"elementor-column-wrap elementor-element-populated\">\n\t\t\t\t\t\t\t<div class=\"elementor-widget-wrap\">\n\t\t\t\t\t\t<div class=\"elementor-element elementor-element-723606c elementor-widget elementor-widget-ova_box_feature_2\" data-id=\"723606c\" data-element_type=\"widget\" data-widget_type=\"ova_box_feature_2.default\">\n\t\t\t\t<div class=\"elementor-widget-container\">\n\t\t\t\t\t<div class=\"ova_box_feature_2\">\n\t\t\t\t\n\t\t\t\t\t\t\t\t<h3 class=\"title\">\n\t\t\t\t\tOp\u0107inski na\u010delnik\t\t\t\t<\/h3>\n\t\t\t\t\n\t\t\t\t\t\t\t\t<p class=\"excerpt\">\n\t\t\t\t\tOp\u0107inski na\u010delnik je nositelj izvr\u0161ne vlasti u okviru prava i obveza op\u0107ine. Ured na\u010delnika obavlja sve stru\u010dne i druge poslove od zna\u010daja za rad op\u0107ine.\t\t\t\t<\/p>\n\t\t\t\t\n\t\t\t\t\t\t\t\t\t<div class=\"readmore\">\n\t\t\t\t\t\t<a class=\"second_font\" href=\"https:\/\/josipdol.hr\/stara\/ustroj\/opcinski-nacelnik\" >Vi\u0161e...<\/a>\n\t\t\t\t\t<\/div>\n\t\t\t\t\n\t\t<\/div>\n\n\t\t\t\t<\/div>\n\t\t\t\t<\/div>\n\t\t\t\t\t\t<\/div>\n\t\t\t\t\t<\/div>\n\t\t<\/div>\n\t\t\t\t<div class=\"elementor-column elementor-col-50 elementor-inner-column elementor-element elementor-element-256747b\" data-id=\"256747b\" data-element_type=\"column\">\n\t\t\t<div class=\"elementor-column-wrap elementor-element-populated\">\n\t\t\t\t\t\t\t<div class=\"elementor-widget-wrap\">\n\t\t\t\t\t\t<div class=\"elementor-element elementor-element-a28769e elementor-widget elementor-widget-ova_box_feature_2\" data-id=\"a28769e\" data-element_type=\"widget\" data-widget_type=\"ova_box_feature_2.default\">\n\t\t\t\t<div class=\"elementor-widget-container\">\n\t\t\t\t\t<div class=\"ova_box_feature_2\">\n\t\t\t\t\n\t\t\t\t\t\t\t\t<h3 class=\"title\">\n\t\t\t\t\tOp\u0107insko vije\u0107e\t\t\t\t<\/h3>\n\t\t\t\t\n\t\t\t\t\t\t\t\t<p class=\"excerpt\">\n\t\t\t\t\tOp\u0107insko vije\u0107e je predstavni\u010dko tijelo gra\u0111ana op\u0107ine. Mandat traje 4 godine, a \u010dlanove su birali gra\u0111ani na neposrednim izborima tajnim glasovanjem. \t\t\t\t<\/p>\n\t\t\t\t\n\t\t\t\t\t\t\t\t\t<div class=\"readmore\">\n\t\t\t\t\t\t<a class=\"second_font\" href=\"https:\/\/josipdol.hr\/stara\/ustroj\/vijece\/\" >Vi\u0161e...<\/a>\n\t\t\t\t\t<\/div>\n\t\t\t\t\n\t\t<\/div>\n\n\t\t\t\t<\/div>\n\t\t\t\t<\/div>\n\t\t\t\t\t\t<\/div>\n\t\t\t\t\t<\/div>\n\t\t<\/div>\n\t\t\t\t\t\t\t\t<\/div>\n\t\t\t\t\t<\/div>\n\t\t<\/section>\n\t\t\t\t<section class=\"elementor-section elementor-inner-section elementor-element elementor-element-ed02b35 elementor-section-content-middle elementor-section-boxed elementor-section-height-default elementor-section-height-default\" data-id=\"ed02b35\" data-element_type=\"section\">\n\t\t\t\t\t\t<div class=\"elementor-container elementor-column-gap-default\">\n\t\t\t\t\t\t\t<div class=\"elementor-row\">\n\t\t\t\t\t<div class=\"elementor-column elementor-col-50 elementor-inner-column elementor-element elementor-element-a388df0\" data-id=\"a388df0\" data-element_type=\"column\">\n\t\t\t<div class=\"elementor-column-wrap elementor-element-populated\">\n\t\t\t\t\t\t\t<div class=\"elementor-widget-wrap\">\n\t\t\t\t\t\t<div class=\"elementor-element elementor-element-bf51d3e elementor-widget elementor-widget-ova_box_feature_2\" data-id=\"bf51d3e\" data-element_type=\"widget\" data-widget_type=\"ova_box_feature_2.default\">\n\t\t\t\t<div class=\"elementor-widget-container\">\n\t\t\t\t\t<div class=\"ova_box_feature_2\">\n\t\t\t\t\n\t\t\t\t\t\t\t\t<h3 class=\"title\">\n\t\t\t\t\tUpravni odjel za op\u0107e poslove, komunalni sustav i EU fondove\t\t\t\t<\/h3>\n\t\t\t\t\n\t\t\t\t\t\t\t\t<p class=\"excerpt\">\n\t\t\t\t\t.\t\t\t\t<\/p>\n\t\t\t\t\n\t\t\t\t\t\t\t\t\t<div class=\"readmore\">\n\t\t\t\t\t\t<a class=\"second_font\" href=\"https:\/\/josipdol.hr\/stara\/ustroj\/upro-okseu\/\" >Vi\u0161e...<\/a>\n\t\t\t\t\t<\/div>\n\t\t\t\t\n\t\t<\/div>\n\n\t\t\t\t<\/div>\n\t\t\t\t<\/div>\n\t\t\t\t\t\t<\/div>\n\t\t\t\t\t<\/div>\n\t\t<\/div>\n\t\t\t\t<div class=\"elementor-column elementor-col-50 elementor-inner-column elementor-element elementor-element-b203715\" data-id=\"b203715\" data-element_type=\"column\">\n\t\t\t<div class=\"elementor-column-wrap elementor-element-populated\">\n\t\t\t\t\t\t\t<div class=\"elementor-widget-wrap\">\n\t\t\t\t\t\t<div class=\"elementor-element elementor-element-ee982fc elementor-widget elementor-widget-ova_box_feature_2\" data-id=\"ee982fc\" data-element_type=\"widget\" data-widget_type=\"ova_box_feature_2.default\">\n\t\t\t\t<div class=\"elementor-widget-container\">\n\t\t\t\t\t<div class=\"ova_box_feature_2\">\n\t\t\t\t\n\t\t\t\t\t\t\t\t<h3 class=\"title\">\n\t\t\t\t\tUpravni odjel za financije, gospodarstvo i dru\u0161tvene djelatnosti\t\t\t\t<\/h3>\n\t\t\t\t\n\t\t\t\t\t\t\t\t<p class=\"excerpt\">\n\t\t\t\t\t.\t\t\t\t<\/p>\n\t\t\t\t\n\t\t\t\t\t\t\t\t\t<div class=\"readmore\">\n\t\t\t\t\t\t<a class=\"second_font\" href=\"https:\/\/josipdol.hr\/stara\/ustroj\/uof-gdd\/\" >Vi\u0161e...<\/a>\n\t\t\t\t\t<\/div>\n\t\t\t\t\n\t\t<\/div>\n\n\t\t\t\t<\/div>\n\t\t\t\t<\/div>\n\t\t\t\t\t\t<\/div>\n\t\t\t\t\t<\/div>\n\t\t<\/div>\n\t\t\t\t\t\t\t\t<\/div>\n\t\t\t\t\t<\/div>\n\t\t<\/section>\n\t\t\t\t<section class=\"elementor-section elementor-inner-section elementor-element elementor-element-5a42570 elementor-section-content-middle elementor-section-boxed elementor-section-height-default elementor-section-height-default\" data-id=\"5a42570\" data-element_type=\"section\">\n\t\t\t\t\t\t<div class=\"elementor-container elementor-column-gap-default\">\n\t\t\t\t\t\t\t<div class=\"elementor-row\">\n\t\t\t\t\t<div class=\"elementor-column elementor-col-50 elementor-inner-column elementor-element elementor-element-e49a65a\" data-id=\"e49a65a\" data-element_type=\"column\">\n\t\t\t<div class=\"elementor-column-wrap elementor-element-populated\">\n\t\t\t\t\t\t\t<div class=\"elementor-widget-wrap\">\n\t\t\t\t\t\t<div class=\"elementor-element elementor-element-8f32e09 elementor-widget elementor-widget-ova_box_feature_2\" data-id=\"8f32e09\" data-element_type=\"widget\" data-widget_type=\"ova_box_feature_2.default\">\n\t\t\t\t<div class=\"elementor-widget-container\">\n\t\t\t\t\t<div class=\"ova_box_feature_2\">\n\t\t\t\t\n\t\t\t\t\t\t\t\t<h3 class=\"title\">\n\t\t\t\t\tPovjerenstva i odbori\t\t\t\t<\/h3>\n\t\t\t\t\n\t\t\t\t\t\t\t\t<p class=\"excerpt\">\n\t\t\t\t\tOp\u0107insko vije\u0107e odlukom osniva i povremena radna tijela radi razmatranja ili davanja stru\u010dnih mi\u0161ljenja. \t\t\t\t<\/p>\n\t\t\t\t\n\t\t\t\t\t\t\t\t\t<div class=\"readmore\">\n\t\t\t\t\t\t<a class=\"second_font\" href=\"https:\/\/josipdol.hr\/stara\/ustroj\/pio\/\" >Vi\u0161e...<\/a>\n\t\t\t\t\t<\/div>\n\t\t\t\t\n\t\t<\/div>\n\n\t\t\t\t<\/div>\n\t\t\t\t<\/div>\n\t\t\t\t\t\t<\/div>\n\t\t\t\t\t<\/div>\n\t\t<\/div>\n\t\t\t\t<div class=\"elementor-column elementor-col-50 elementor-inner-column elementor-element elementor-element-ebcf8cc\" data-id=\"ebcf8cc\" data-element_type=\"column\">\n\t\t\t<div class=\"elementor-column-wrap elementor-element-populated\">\n\t\t\t\t\t\t\t<div class=\"elementor-widget-wrap\">\n\t\t\t\t\t\t<div class=\"elementor-element elementor-element-c7a4327 elementor-widget elementor-widget-ova_box_feature_2\" data-id=\"c7a4327\" data-element_type=\"widget\" data-widget_type=\"ova_box_feature_2.default\">\n\t\t\t\t<div class=\"elementor-widget-container\">\n\t\t\t\t\t<div class=\"ova_box_feature_2\">\n\t\t\t\t\n\t\t\t\t\t\t\t\t<h3 class=\"title\">\n\t\t\t\t\tSavjet mladih\t\t\t\t<\/h3>\n\t\t\t\t\n\t\t\t\t\t\t\t\t<p class=\"excerpt\">\n\t\t\t\t\tSavjet mladih je savjetodavno tijelo Op\u0107ine Josipdol koje je osnovano s ciljem promicanja i zagovaranja prava, potreba i interesa mladih na lokalnoj razini.\t\t\t\t<\/p>\n\t\t\t\t\n\t\t\t\t\t\t\t\t\t<div class=\"readmore\">\n\t\t\t\t\t\t<a class=\"second_font\" href=\"https:\/\/josipdol.hr\/stara\/ustroj\/savjet-mladih\/\" >Vi\u0161e...<\/a>\n\t\t\t\t\t<\/div>\n\t\t\t\t\n\t\t<\/div>\n\n\t\t\t\t<\/div>\n\t\t\t\t<\/div>\n\t\t\t\t\t\t<\/div>\n\t\t\t\t\t<\/div>\n\t\t<\/div>\n\t\t\t\t\t\t\t\t<\/div>\n\t\t\t\t\t<\/div>\n\t\t<\/section>\n\t\t\t\t\t\t<\/div>\n\t\t\t\t\t<\/div>\n\t\t<\/div>\n\t\t\t\t\t\t\t\t<\/div>\n\t\t\t\t\t<\/div>\n\t\t<\/section>\n\t\t\t\t<section class=\"elementor-section elementor-top-section elementor-element elementor-element-d5f4944 elementor-section-boxed elementor-section-height-default elementor-section-height-default\" data-id=\"d5f4944\" data-element_type=\"section\">\n\t\t\t\t\t\t<div class=\"elementor-container elementor-column-gap-default\">\n\t\t\t\t\t\t\t<div class=\"elementor-row\">\n\t\t\t\t\t<div class=\"elementor-column elementor-col-100 elementor-top-column elementor-element elementor-element-e45a5b9\" data-id=\"e45a5b9\" data-element_type=\"column\">\n\t\t\t<div class=\"elementor-column-wrap elementor-element-populated\">\n\t\t\t\t\t\t\t<div class=\"elementor-widget-wrap\">\n\t\t\t\t\t\t<div class=\"elementor-element elementor-element-161aaa8 elementor-widget elementor-widget-ova_box_feature_2\" data-id=\"161aaa8\" data-element_type=\"widget\" data-widget_type=\"ova_box_feature_2.default\">\n\t\t\t\t<div class=\"elementor-widget-container\">\n\t\t\t\t\t<div class=\"ova_box_feature_2\">\n\t\t\t\t\n\t\t\t\t\t\t\t\t<h3 class=\"title\">\n\t\t\t\t\tOtvorena Op\u0107ina Josipdol\t\t\t\t<\/h3>\n\t\t\t\t\n\t\t\t\t\t\t\t\t<p class=\"excerpt\">\n\t\t\t\t\tOtvorena op\u0107ina, jedinstveno je informati\u010dko rje\u0161enje \u2013 web platforma koja gra\u0111anima pru\u017ea niz elektroni\u010dkih usluga koje se odnose na informiranje ili komunikaciju s op\u0107inskim slu\u017ebama, te uvid u funkcioniranje op\u0107ine.\t\t\t\t<\/p>\n\t\t\t\t\n\t\t\t\t\t\t\t\t\t<div class=\"readmore\">\n\t\t\t\t\t\t<a class=\"second_font\" href=\"https:\/\/josipdol.otvorenaopcina.hr\/\" >Vi\u0161e...<\/a>\n\t\t\t\t\t<\/div>\n\t\t\t\t\n\t\t<\/div>\n\n\t\t\t\t<\/div>\n\t\t\t\t<\/div>\n\t\t\t\t\t\t<\/div>\n\t\t\t\t\t<\/div>\n\t\t<\/div>\n\t\t\t\t\t\t\t\t<\/div>\n\t\t\t\t\t<\/div>\n\t\t<\/section>\n\t\t\t\t\t\t<\/div>\n\t\t\t\t\t\t<\/div>\n\t\t\t\t\t<\/div>\n\t\t","protected":false},"excerpt":{"rendered":"<p>Upoznajte lokalnu samoupravu Saznajte vi\u0161e o ustrojstvu, radu, aktivnostima i aktima lokalne samouprave. Op\u0107inski na\u010delnik Op\u0107inski na\u010delnik je nositelj izvr\u0161ne vlasti u okviru prava i obveza op\u0107ine. Ured na\u010delnika obavlja sve stru\u010dne i druge poslove od zna\u010daja za rad op\u0107ine. Vi\u0161e&#8230; Op\u0107insko vije\u0107e Op\u0107insko vije\u0107e je predstavni\u010dko tijelo gra\u0111ana op\u0107ine. Mandat traje 4 godine, a [&hellip;]<\/p>\n","protected":false},"author":12,"featured_media":5066,"parent":0,"menu_order":0,"comment_status":"closed","ping_status":"closed","template":"elementor_header_footer","meta":{"footnotes":""},"_links":{"self":[{"href":"https:\/\/josipdol.hr\/stara\/wp-json\/wp\/v2\/pages\/730"}],"collection":[{"href":"https:\/\/josipdol.hr\/stara\/wp-json\/wp\/v2\/pages"}],"about":[{"href":"https:\/\/josipdol.hr\/stara\/wp-json\/wp\/v2\/types\/page"}],"author":[{"embeddable":true,"href":"https:\/\/josipdol.hr\/stara\/wp-json\/wp\/v2\/users\/12"}],"replies":[{"embeddable":true,"href":"https:\/\/josipdol.hr\/stara\/wp-json\/wp\/v2\/comments?post=730"}],"version-history":[{"count":73,"href":"https:\/\/josipdol.hr\/stara\/wp-json\/wp\/v2\/pages\/730\/revisions"}],"predecessor-version":[{"id":19603,"href":"https:\/\/josipdol.hr\/stara\/wp-json\/wp\/v2\/pages\/730\/revisions\/19603"}],"wp:featuredmedia":[{"embeddable":true,"href":"https:\/\/josipdol.hr\/stara\/wp-json\/wp\/v2\/media\/5066"}],"wp:attachment":[{"href":"https:\/\/josipdol.hr\/stara\/wp-json\/wp\/v2\/media?parent=730"}],"curies":[{"name":"wp","href":"https:\/\/api.w.org\/{rel}","templated":true}]}}