{"id":6316,"date":"2021-01-14T13:29:40","date_gmt":"2021-01-14T12:29:40","guid":{"rendered":"https:\/\/josipdol.hr\/?page_id=6316"},"modified":"2021-11-30T12:41:06","modified_gmt":"2021-11-30T11:41:06","slug":"kodo","status":"publish","type":"page","link":"https:\/\/josipdol.hr\/stara\/informacije-i-usluge\/ko-go\/kodo\/","title":{"rendered":"Komunalni doprinos"},"content":{"rendered":"\t\t<div data-elementor-type=\"wp-page\" data-elementor-id=\"6316\" class=\"elementor elementor-6316\" data-elementor-settings=\"[]\">\n\t\t\t\t\t\t<div class=\"elementor-inner\">\n\t\t\t\t\t\t\t<div class=\"elementor-section-wrap\">\n\t\t\t\t\t\t\t<section class=\"elementor-section elementor-top-section elementor-element elementor-element-3e771da elementor-section-boxed elementor-section-height-default elementor-section-height-default\" data-id=\"3e771da\" data-element_type=\"section\">\n\t\t\t\t\t\t<div class=\"elementor-container elementor-column-gap-default\">\n\t\t\t\t\t\t\t<div class=\"elementor-row\">\n\t\t\t\t\t<div class=\"elementor-column elementor-col-100 elementor-top-column elementor-element elementor-element-e9517f9\" data-id=\"e9517f9\" data-element_type=\"column\">\n\t\t\t<div class=\"elementor-column-wrap elementor-element-populated\">\n\t\t\t\t\t\t\t<div class=\"elementor-widget-wrap\">\n\t\t\t\t\t\t<div class=\"elementor-element elementor-element-00b452f elementor-widget elementor-widget-ova_heading\" data-id=\"00b452f\" data-element_type=\"widget\" data-widget_type=\"ova_heading.default\">\n\t\t\t\t<div class=\"elementor-widget-container\">\n\t\t\t\t\t<div class=\"ova-heading\">\n\t\t\t\n\t\t\t\t\t\t\t<h3 class=\"title second_font\">Komunalni doprinos<\/h3>\n\t\t\t\n\t\t\t\t\t\t\t<p class=\"sub-title \">Op\u0107ine Josipdol<\/p>\n\t\t\t\n\t\t<\/div>\n\t\t\t\t<\/div>\n\t\t\t\t<\/div>\n\t\t\t\t\t\t<\/div>\n\t\t\t\t\t<\/div>\n\t\t<\/div>\n\t\t\t\t\t\t\t\t<\/div>\n\t\t\t\t\t<\/div>\n\t\t<\/section>\n\t\t\t\t<section class=\"elementor-section elementor-top-section elementor-element elementor-element-fea4b21 elementor-section-boxed elementor-section-height-default elementor-section-height-default\" data-id=\"fea4b21\" data-element_type=\"section\">\n\t\t\t\t\t\t<div class=\"elementor-container elementor-column-gap-default\">\n\t\t\t\t\t\t\t<div class=\"elementor-row\">\n\t\t\t\t\t<div class=\"elementor-column elementor-col-100 elementor-top-column elementor-element elementor-element-f385686\" data-id=\"f385686\" data-element_type=\"column\">\n\t\t\t<div class=\"elementor-column-wrap elementor-element-populated\">\n\t\t\t\t\t\t\t<div class=\"elementor-widget-wrap\">\n\t\t\t\t\t\t<section class=\"elementor-section elementor-inner-section elementor-element elementor-element-16b8a8f elementor-section-content-top elementor-section-boxed elementor-section-height-default elementor-section-height-default\" data-id=\"16b8a8f\" data-element_type=\"section\">\n\t\t\t\t\t\t<div class=\"elementor-container elementor-column-gap-default\">\n\t\t\t\t\t\t\t<div class=\"elementor-row\">\n\t\t\t\t\t<div class=\"elementor-column elementor-col-50 elementor-inner-column elementor-element elementor-element-d358e1e\" data-id=\"d358e1e\" data-element_type=\"column\">\n\t\t\t<div class=\"elementor-column-wrap elementor-element-populated\">\n\t\t\t\t\t\t\t<div class=\"elementor-widget-wrap\">\n\t\t\t\t\t\t<div class=\"elementor-element elementor-element-24f39bc elementor-widget elementor-widget-heading\" data-id=\"24f39bc\" data-element_type=\"widget\" data-widget_type=\"heading.default\">\n\t\t\t\t<div class=\"elementor-widget-container\">\n\t\t\t<h3 class=\"elementor-heading-title elementor-size-default\">Dokumenti<\/h3>\t\t<\/div>\n\t\t\t\t<\/div>\n\t\t\t\t<div class=\"elementor-element elementor-element-c85ab89 elementor-widget elementor-widget-ova_doc\" data-id=\"c85ab89\" data-element_type=\"widget\" data-widget_type=\"ova_doc.default\">\n\t\t\t\t<div class=\"elementor-widget-container\">\n\t\t\t<div class=\"ova-document-list\">\n\t<div class=\"icon-doc\">\n\t\t<i class=\"flaticon-google-docs\"><\/i>\n\t<\/div>\n\t<div class=\"list-doc\">\n\t\t\t\t\t<div class=\"item\">\n\t\t\t\t\t\t\t\t<h3 class=\"title\">\n\t\t\t\t\t<a href=\"https:\/\/josipdol.hr\/stara\/ova_doc\/odluke-o-komunalnom-doprinosu\/\">\n\t\t\t\t\t\tOdluke o komunalnom doprinosu\t\t\t\t\t<\/a>\n\t\t\t\t<\/h3>\n\t\t\t\t\t\t\t\t\t\t\t\t<p class=\"date\">\n\t\t\t\t\t28\/01\/2021\t\t\t\t<\/p>\n\t\t\t\t\n\t\t\t<\/div>\n\n\t\t\n\t\t\n\t<\/div>\n<\/div>\t\t<\/div>\n\t\t\t\t<\/div>\n\t\t\t\t<div class=\"elementor-element elementor-element-14ea5b2 elementor-button-danger elementor-align-center elementor-widget elementor-widget-button\" data-id=\"14ea5b2\" data-element_type=\"widget\" data-widget_type=\"button.default\">\n\t\t\t\t<div class=\"elementor-widget-container\">\n\t\t\t\t\t<div class=\"elementor-button-wrapper\">\n\t\t\t<a href=\"https:\/\/josipdol.hr\/cat_doc\/doc-kd\/\" class=\"elementor-button-link elementor-button elementor-size-md\" role=\"button\">\n\t\t\t\t\t\t<span class=\"elementor-button-content-wrapper\">\n\t\t\t\t\t\t<span class=\"elementor-button-text\">Popis svih dokumenata<\/span>\n\t\t<\/span>\n\t\t\t\t\t<\/a>\n\t\t<\/div>\n\t\t\t\t<\/div>\n\t\t\t\t<\/div>\n\t\t\t\t\t\t<\/div>\n\t\t\t\t\t<\/div>\n\t\t<\/div>\n\t\t\t\t<div class=\"elementor-column elementor-col-50 elementor-inner-column elementor-element elementor-element-30de495\" data-id=\"30de495\" data-element_type=\"column\">\n\t\t\t<div class=\"elementor-column-wrap elementor-element-populated\">\n\t\t\t\t\t\t\t<div class=\"elementor-widget-wrap\">\n\t\t\t\t\t\t<div class=\"elementor-element elementor-element-6a6378f elementor-widget elementor-widget-accordion\" data-id=\"6a6378f\" data-element_type=\"widget\" data-widget_type=\"accordion.default\">\n\t\t\t\t<div class=\"elementor-widget-container\">\n\t\t\t\t\t<div class=\"elementor-accordion\" role=\"tablist\">\n\t\t\t\t\t\t\t<div class=\"elementor-accordion-item\">\n\t\t\t\t\t<div id=\"elementor-tab-title-1111\" class=\"elementor-tab-title\" data-tab=\"1\" role=\"tab\" aria-controls=\"elementor-tab-content-1111\" aria-expanded=\"false\">\n\t\t\t\t\t\t\t\t\t\t\t\t\t<span class=\"elementor-accordion-icon elementor-accordion-icon-left\" aria-hidden=\"true\">\n\t\t\t\t\t\t\t\t\t\t\t\t\t\t\t<span class=\"elementor-accordion-icon-closed\"><i class=\"fas fa-plus\"><\/i><\/span>\n\t\t\t\t\t\t\t\t<span class=\"elementor-accordion-icon-opened\"><i class=\"fas fa-minus\"><\/i><\/span>\n\t\t\t\t\t\t\t\t\t\t\t\t\t\t<\/span>\n\t\t\t\t\t\t\t\t\t\t\t\t<a class=\"elementor-accordion-title\" href=\"\">\u0160to je to komunalni doprinos?<\/a>\n\t\t\t\t\t<\/div>\n\t\t\t\t\t<div id=\"elementor-tab-content-1111\" class=\"elementor-tab-content elementor-clearfix\" data-tab=\"1\" role=\"tabpanel\" aria-labelledby=\"elementor-tab-title-1111\"><p>Komunalni doprinos prihod je prora\u010duna jedinica lokalne samouprave. Sredstva komunalnog doprinosa namijenjena su isklju\u010divo sufinanciranju gradnje i kori\u0161tenje objekata i ure\u0111enja komunalne infrastrukture za:<\/p><ol><li>javne povr\u0161ine<\/li><li>nerazvrstane ceste<\/li><li>javnu rasvjetu<\/li><li>groblja<\/li><\/ol><p>Visina komunalnog doprinosa ovisi o zoni u kojoj se nalazi objekt te o volumenu gra\u0111evine koja se gradi.<\/p><\/div>\n\t\t\t\t<\/div>\n\t\t\t\t\t\t\t<div class=\"elementor-accordion-item\">\n\t\t\t\t\t<div id=\"elementor-tab-title-1112\" class=\"elementor-tab-title\" data-tab=\"2\" role=\"tab\" aria-controls=\"elementor-tab-content-1112\" aria-expanded=\"false\">\n\t\t\t\t\t\t\t\t\t\t\t\t\t<span class=\"elementor-accordion-icon elementor-accordion-icon-left\" aria-hidden=\"true\">\n\t\t\t\t\t\t\t\t\t\t\t\t\t\t\t<span class=\"elementor-accordion-icon-closed\"><i class=\"fas fa-plus\"><\/i><\/span>\n\t\t\t\t\t\t\t\t<span class=\"elementor-accordion-icon-opened\"><i class=\"fas fa-minus\"><\/i><\/span>\n\t\t\t\t\t\t\t\t\t\t\t\t\t\t<\/span>\n\t\t\t\t\t\t\t\t\t\t\t\t<a class=\"elementor-accordion-title\" href=\"\">Tko je obveznik pla\u0107anja komunalnog doprinosa?<\/a>\n\t\t\t\t\t<\/div>\n\t\t\t\t\t<div id=\"elementor-tab-content-1112\" class=\"elementor-tab-content elementor-clearfix\" data-tab=\"2\" role=\"tabpanel\" aria-labelledby=\"elementor-tab-title-1112\"><p>Komunalni doprinos pla\u0107a vlasnik gra\u0111evne \u010destice na kojoj se gradi gra\u0111evina, odnosno investitor. Komunalni doprinos obra\u010dunava se u skladu sa obujmom, odnosno po m3 (prostornom metru) gra\u0111evine koja se gradi na gra\u0111evnoj \u010destici, a kod gra\u0111evine koja se uklanja zbog gradnje nove gra\u0111evine ili kada se postoje\u0107a gra\u0111evina dogra\u0111uje ili nadogra\u0111uje, komunalni se doprinos obra\u010dunava na razliku u obujmu u odnosu na prija\u0161nju gra\u0111evinu.<\/p><p>Obujam gra\u0111evine koja se gradi na gra\u0111evnoj \u010destici utvr\u0111uje se sukladno odredbama <a href=\"https:\/\/mgipu.gov.hr\/o-ministarstvu-15\/djelokrug\/komunalno-gospodarstvo-8131\/8131\"><strong>Zakona o komunalnom gospodarstvu<\/strong><\/a>, na temelju podataka utvr\u0111enih iz projektne dokumentacije za potrebe isho\u0111enja gra\u0111evne dozvole. Obujam gra\u0111evine ra\u010duna se prema <strong>Pravilniku o na\u010dinu utvr\u0111ivanja obujma<\/strong> (Nar. nov. br. 136\/06, 135\/10, 14\/11, 55\/12).<\/p><p>Jedini\u010dna vrijednost komunalnoga doprinosa za obra\u010dun po m3 gra\u0111evine koja se gradi odre\u0111uje se za pojedine zone i to:<br \/>I. ZONA \u2013 4,00 kn po m3<br \/>II. ZONA &#8211; 3,40 kn po m3<\/p><\/div>\n\t\t\t\t<\/div>\n\t\t\t\t\t\t\t<div class=\"elementor-accordion-item\">\n\t\t\t\t\t<div id=\"elementor-tab-title-1113\" class=\"elementor-tab-title\" data-tab=\"3\" role=\"tab\" aria-controls=\"elementor-tab-content-1113\" aria-expanded=\"false\">\n\t\t\t\t\t\t\t\t\t\t\t\t\t<span class=\"elementor-accordion-icon elementor-accordion-icon-left\" aria-hidden=\"true\">\n\t\t\t\t\t\t\t\t\t\t\t\t\t\t\t<span class=\"elementor-accordion-icon-closed\"><i class=\"fas fa-plus\"><\/i><\/span>\n\t\t\t\t\t\t\t\t<span class=\"elementor-accordion-icon-opened\"><i class=\"fas fa-minus\"><\/i><\/span>\n\t\t\t\t\t\t\t\t\t\t\t\t\t\t<\/span>\n\t\t\t\t\t\t\t\t\t\t\t\t<a class=\"elementor-accordion-title\" href=\"\">Tko je nadle\u017ean za obra\u010dun komunalnog doprinosa?<\/a>\n\t\t\t\t\t<\/div>\n\t\t\t\t\t<div id=\"elementor-tab-content-1113\" class=\"elementor-tab-content elementor-clearfix\" data-tab=\"3\" role=\"tabpanel\" aria-labelledby=\"elementor-tab-title-1113\"><p>Nadle\u017eno tijelo za obra\u010dun komunalnog doprinosa:<\/p><ul><li><a href=\"https:\/\/josipdol.hr\/ustroj\/juo\/\"><strong>Jedinstveni upravni odjel<\/strong><\/a><\/li><li>Nadle\u017ena slu\u017ebenica\/k: <br \/>pro\u010delnica\/k JUO Op\u0107ine Josipdol\u00a0<br \/>Tel: <a href=\"http:\/\/+38547581298\" data-wplink-url-error=\"true\">047-581-298<\/a><br \/>e-mail: <a href=\"mailto:opcina@josipdol.hr\">opcina@josipdol.hr<\/a><\/li><\/ul><\/div>\n\t\t\t\t<\/div>\n\t\t\t\t\t\t\t\t<\/div>\n\t\t\t\t<\/div>\n\t\t\t\t<\/div>\n\t\t\t\t\t\t<\/div>\n\t\t\t\t\t<\/div>\n\t\t<\/div>\n\t\t\t\t\t\t\t\t<\/div>\n\t\t\t\t\t<\/div>\n\t\t<\/section>\n\t\t\t\t\t\t<\/div>\n\t\t\t\t\t<\/div>\n\t\t<\/div>\n\t\t\t\t\t\t\t\t<\/div>\n\t\t\t\t\t<\/div>\n\t\t<\/section>\n\t\t\t\t<section class=\"elementor-section elementor-top-section elementor-element elementor-element-a1ad61a elementor-section-boxed elementor-section-height-default elementor-section-height-default\" data-id=\"a1ad61a\" data-element_type=\"section\">\n\t\t\t\t\t\t<div class=\"elementor-container elementor-column-gap-default\">\n\t\t\t\t\t\t\t<div class=\"elementor-row\">\n\t\t\t\t\t<div class=\"elementor-column elementor-col-100 elementor-top-column elementor-element elementor-element-c90bd96\" data-id=\"c90bd96\" data-element_type=\"column\">\n\t\t\t<div class=\"elementor-column-wrap elementor-element-populated\">\n\t\t\t\t\t\t\t<div class=\"elementor-widget-wrap\">\n\t\t\t\t\t\t<div class=\"elementor-element elementor-element-652ccec elementor-widget elementor-widget-ova_mission\" data-id=\"652ccec\" data-element_type=\"widget\" data-widget_type=\"ova_mission.default\">\n\t\t\t\t<div class=\"elementor-widget-container\">\n\t\t\t\n\t\t<div class=\"ova_mission\">\n\t\t\t<div class=\"items\">\n\t\t\t\t\t\t\t\t\n\t\t\t\t<div class=\"content\">\n\t\t\t\t\t\t\t\t\t\t\t\t\t\t\t\n\t\t\t\t\t\t\t\t\t\t<a href=\"https:\/\/josipdol.hr\/informacije-i-usluge\/ko-go\/\" class=\"second_font readmore\">\n\t\t\t\t\t\tPovratak na: Komunalno gospodarstvo\t\t\t\t\t\t<i data-feather=\"arrow-right\"><\/i>\n\t\t\t\t\t<\/a>\n\t\t\t\t\t\t\t\t\t<\/div>\n\n\t\t\t<\/div>\n\t\t<\/div>\n\t\t\n\n\t\t\t\t<\/div>\n\t\t\t\t<\/div>\n\t\t\t\t\t\t<\/div>\n\t\t\t\t\t<\/div>\n\t\t<\/div>\n\t\t\t\t\t\t\t\t<\/div>\n\t\t\t\t\t<\/div>\n\t\t<\/section>\n\t\t\t\t\t\t<\/div>\n\t\t\t\t\t\t<\/div>\n\t\t\t\t\t<\/div>\n\t\t","protected":false},"excerpt":{"rendered":"<p>Komunalni doprinos Op\u0107ine Josipdol Dokumenti Odluke o komunalnom doprinosu 28\/01\/2021 Popis svih dokumenata \u0160to je to komunalni doprinos? Komunalni doprinos prihod je prora\u010duna jedinica lokalne samouprave. Sredstva komunalnog doprinosa namijenjena su isklju\u010divo sufinanciranju gradnje i kori\u0161tenje objekata i ure\u0111enja komunalne infrastrukture za: javne povr\u0161ine nerazvrstane ceste javnu rasvjetu groblja Visina komunalnog doprinosa ovisi o zoni [&hellip;]<\/p>\n","protected":false},"author":12,"featured_media":5077,"parent":6090,"menu_order":0,"comment_status":"closed","ping_status":"closed","template":"elementor_header_footer","meta":{"footnotes":""},"_links":{"self":[{"href":"https:\/\/josipdol.hr\/stara\/wp-json\/wp\/v2\/pages\/6316"}],"collection":[{"href":"https:\/\/josipdol.hr\/stara\/wp-json\/wp\/v2\/pages"}],"about":[{"href":"https:\/\/josipdol.hr\/stara\/wp-json\/wp\/v2\/types\/page"}],"author":[{"embeddable":true,"href":"https:\/\/josipdol.hr\/stara\/wp-json\/wp\/v2\/users\/12"}],"replies":[{"embeddable":true,"href":"https:\/\/josipdol.hr\/stara\/wp-json\/wp\/v2\/comments?post=6316"}],"version-history":[{"count":16,"href":"https:\/\/josipdol.hr\/stara\/wp-json\/wp\/v2\/pages\/6316\/revisions"}],"predecessor-version":[{"id":11483,"href":"https:\/\/josipdol.hr\/stara\/wp-json\/wp\/v2\/pages\/6316\/revisions\/11483"}],"up":[{"embeddable":true,"href":"https:\/\/josipdol.hr\/stara\/wp-json\/wp\/v2\/pages\/6090"}],"wp:featuredmedia":[{"embeddable":true,"href":"https:\/\/josipdol.hr\/stara\/wp-json\/wp\/v2\/media\/5077"}],"wp:attachment":[{"href":"https:\/\/josipdol.hr\/stara\/wp-json\/wp\/v2\/media?parent=6316"}],"curies":[{"name":"wp","href":"https:\/\/api.w.org\/{rel}","templated":true}]}}