{"id":6290,"date":"2021-01-14T13:07:33","date_gmt":"2021-01-14T12:07:33","guid":{"rendered":"https:\/\/josipdol.hr\/?page_id=6290"},"modified":"2021-01-28T22:55:08","modified_gmt":"2021-01-28T21:55:08","slug":"kona","status":"publish","type":"page","link":"https:\/\/josipdol.hr\/stara\/informacije-i-usluge\/ko-go\/kona\/","title":{"rendered":"Komunalna naknada"},"content":{"rendered":"\t\t<div data-elementor-type=\"wp-page\" data-elementor-id=\"6290\" class=\"elementor elementor-6290\" data-elementor-settings=\"[]\">\n\t\t\t\t\t\t<div class=\"elementor-inner\">\n\t\t\t\t\t\t\t<div class=\"elementor-section-wrap\">\n\t\t\t\t\t\t\t<section class=\"elementor-section elementor-top-section elementor-element elementor-element-3e771da elementor-section-boxed elementor-section-height-default elementor-section-height-default\" data-id=\"3e771da\" data-element_type=\"section\">\n\t\t\t\t\t\t<div class=\"elementor-container elementor-column-gap-default\">\n\t\t\t\t\t\t\t<div class=\"elementor-row\">\n\t\t\t\t\t<div class=\"elementor-column elementor-col-100 elementor-top-column elementor-element elementor-element-e9517f9\" data-id=\"e9517f9\" data-element_type=\"column\">\n\t\t\t<div class=\"elementor-column-wrap elementor-element-populated\">\n\t\t\t\t\t\t\t<div class=\"elementor-widget-wrap\">\n\t\t\t\t\t\t<div class=\"elementor-element elementor-element-00b452f elementor-widget elementor-widget-ova_heading\" data-id=\"00b452f\" data-element_type=\"widget\" data-widget_type=\"ova_heading.default\">\n\t\t\t\t<div class=\"elementor-widget-container\">\n\t\t\t\t\t<div class=\"ova-heading\">\n\t\t\t\n\t\t\t\t\t\t\t<h3 class=\"title second_font\">Komunalna naknada<\/h3>\n\t\t\t\n\t\t\t\t\t\t\t<p class=\"sub-title \">Op\u0107ine Josipdol<\/p>\n\t\t\t\n\t\t<\/div>\n\t\t\t\t<\/div>\n\t\t\t\t<\/div>\n\t\t\t\t\t\t<\/div>\n\t\t\t\t\t<\/div>\n\t\t<\/div>\n\t\t\t\t\t\t\t\t<\/div>\n\t\t\t\t\t<\/div>\n\t\t<\/section>\n\t\t\t\t<section class=\"elementor-section elementor-top-section elementor-element elementor-element-fea4b21 elementor-section-boxed elementor-section-height-default elementor-section-height-default\" data-id=\"fea4b21\" data-element_type=\"section\">\n\t\t\t\t\t\t<div class=\"elementor-container elementor-column-gap-default\">\n\t\t\t\t\t\t\t<div class=\"elementor-row\">\n\t\t\t\t\t<div class=\"elementor-column elementor-col-100 elementor-top-column elementor-element elementor-element-f385686\" data-id=\"f385686\" data-element_type=\"column\">\n\t\t\t<div class=\"elementor-column-wrap elementor-element-populated\">\n\t\t\t\t\t\t\t<div class=\"elementor-widget-wrap\">\n\t\t\t\t\t\t<section class=\"elementor-section elementor-inner-section elementor-element elementor-element-16b8a8f elementor-section-content-top elementor-section-boxed elementor-section-height-default elementor-section-height-default\" data-id=\"16b8a8f\" data-element_type=\"section\">\n\t\t\t\t\t\t<div class=\"elementor-container elementor-column-gap-default\">\n\t\t\t\t\t\t\t<div class=\"elementor-row\">\n\t\t\t\t\t<div class=\"elementor-column elementor-col-50 elementor-inner-column elementor-element elementor-element-d358e1e\" data-id=\"d358e1e\" data-element_type=\"column\">\n\t\t\t<div class=\"elementor-column-wrap elementor-element-populated\">\n\t\t\t\t\t\t\t<div class=\"elementor-widget-wrap\">\n\t\t\t\t\t\t<div class=\"elementor-element elementor-element-dc71736 elementor-widget elementor-widget-heading\" data-id=\"dc71736\" data-element_type=\"widget\" data-widget_type=\"heading.default\">\n\t\t\t\t<div class=\"elementor-widget-container\">\n\t\t\t<h3 class=\"elementor-heading-title elementor-size-default\">Dokumenti<\/h3>\t\t<\/div>\n\t\t\t\t<\/div>\n\t\t\t\t<div class=\"elementor-element elementor-element-1da8759 elementor-widget elementor-widget-ova_doc\" data-id=\"1da8759\" data-element_type=\"widget\" data-widget_type=\"ova_doc.default\">\n\t\t\t\t<div class=\"elementor-widget-container\">\n\t\t\t<div class=\"ova-document-list\">\n\t<div class=\"icon-doc\">\n\t\t<i class=\"flaticon-google-docs\"><\/i>\n\t<\/div>\n\t<div class=\"list-doc\">\n\t\t\t\t\t<div class=\"item\">\n\t\t\t\t\t\t\t\t<h3 class=\"title\">\n\t\t\t\t\t<a href=\"https:\/\/josipdol.hr\/stara\/ova_doc\/obrasci-za-utvrdivanje-komunalne-naknade-odvoza-smeca-pko-i-pnt\/\">\n\t\t\t\t\t\tObrasci za utvr\u0111ivanje komunalne naknade, odvoza sme\u0107a, PKO i PNT\t\t\t\t\t<\/a>\n\t\t\t\t<\/h3>\n\t\t\t\t\t\t\t\t\t\t\t\t<p class=\"date\">\n\t\t\t\t\t23\/01\/2021\t\t\t\t<\/p>\n\t\t\t\t\n\t\t\t<\/div>\n\n\t\t\t\t\t<div class=\"item\">\n\t\t\t\t\t\t\t\t<h3 class=\"title\">\n\t\t\t\t\t<a href=\"https:\/\/josipdol.hr\/stara\/ova_doc\/odluka-o-komunalnoj-naknadi-2020\/\">\n\t\t\t\t\t\tOdluka o komunalnoj naknadi &#8211; 2020\t\t\t\t\t<\/a>\n\t\t\t\t<\/h3>\n\t\t\t\t\t\t\t\t\t\t\t\t<p class=\"date\">\n\t\t\t\t\t23\/01\/2021\t\t\t\t<\/p>\n\t\t\t\t\n\t\t\t<\/div>\n\n\t\t\t\t\t<div class=\"item\">\n\t\t\t\t\t\t\t\t<h3 class=\"title\">\n\t\t\t\t\t<a href=\"https:\/\/josipdol.hr\/stara\/ova_doc\/odluka-o-komunalnoj-naknadi-2019\/\">\n\t\t\t\t\t\tOdluka o komunalnoj naknadi &#8211; 2019\t\t\t\t\t<\/a>\n\t\t\t\t<\/h3>\n\t\t\t\t\t\t\t\t\t\t\t\t<p class=\"date\">\n\t\t\t\t\t23\/01\/2021\t\t\t\t<\/p>\n\t\t\t\t\n\t\t\t<\/div>\n\n\t\t\t\t\t<div class=\"item\">\n\t\t\t\t\t\t\t\t<h3 class=\"title\">\n\t\t\t\t\t<a href=\"https:\/\/josipdol.hr\/stara\/ova_doc\/dopis-uz-uplatnice-za-komunalnu-naknadu-31-01-2020\/\">\n\t\t\t\t\t\tDopis uz uplatnice za komunalnu naknadu-31-01-2020\t\t\t\t\t<\/a>\n\t\t\t\t<\/h3>\n\t\t\t\t\t\t\t\t\t\t\t\t<p class=\"date\">\n\t\t\t\t\t31\/01\/2020\t\t\t\t<\/p>\n\t\t\t\t\n\t\t\t<\/div>\n\n\t\t\n\t\t\n\t<\/div>\n<\/div>\t\t<\/div>\n\t\t\t\t<\/div>\n\t\t\t\t<div class=\"elementor-element elementor-element-279ec01 elementor-button-danger elementor-align-center elementor-widget elementor-widget-button\" data-id=\"279ec01\" data-element_type=\"widget\" data-widget_type=\"button.default\">\n\t\t\t\t<div class=\"elementor-widget-container\">\n\t\t\t\t\t<div class=\"elementor-button-wrapper\">\n\t\t\t<a href=\"https:\/\/josipdol.hr\/cat_doc\/doc-kn\/\" class=\"elementor-button-link elementor-button elementor-size-md\" role=\"button\">\n\t\t\t\t\t\t<span class=\"elementor-button-content-wrapper\">\n\t\t\t\t\t\t<span class=\"elementor-button-text\">Popis svih dokumenata<\/span>\n\t\t<\/span>\n\t\t\t\t\t<\/a>\n\t\t<\/div>\n\t\t\t\t<\/div>\n\t\t\t\t<\/div>\n\t\t\t\t\t\t<\/div>\n\t\t\t\t\t<\/div>\n\t\t<\/div>\n\t\t\t\t<div class=\"elementor-column elementor-col-50 elementor-inner-column elementor-element elementor-element-30de495\" data-id=\"30de495\" data-element_type=\"column\">\n\t\t\t<div class=\"elementor-column-wrap elementor-element-populated\">\n\t\t\t\t\t\t\t<div class=\"elementor-widget-wrap\">\n\t\t\t\t\t\t<div class=\"elementor-element elementor-element-6a6378f elementor-widget elementor-widget-accordion\" data-id=\"6a6378f\" data-element_type=\"widget\" data-widget_type=\"accordion.default\">\n\t\t\t\t<div class=\"elementor-widget-container\">\n\t\t\t\t\t<div class=\"elementor-accordion\" role=\"tablist\">\n\t\t\t\t\t\t\t<div class=\"elementor-accordion-item\">\n\t\t\t\t\t<div id=\"elementor-tab-title-1111\" class=\"elementor-tab-title\" data-tab=\"1\" role=\"tab\" aria-controls=\"elementor-tab-content-1111\" aria-expanded=\"false\">\n\t\t\t\t\t\t\t\t\t\t\t\t\t<span class=\"elementor-accordion-icon elementor-accordion-icon-left\" aria-hidden=\"true\">\n\t\t\t\t\t\t\t\t\t\t\t\t\t\t\t<span class=\"elementor-accordion-icon-closed\"><i class=\"fas fa-plus\"><\/i><\/span>\n\t\t\t\t\t\t\t\t<span class=\"elementor-accordion-icon-opened\"><i class=\"fas fa-minus\"><\/i><\/span>\n\t\t\t\t\t\t\t\t\t\t\t\t\t\t<\/span>\n\t\t\t\t\t\t\t\t\t\t\t\t<a class=\"elementor-accordion-title\" href=\"\">\u0160to je to komunalna naknada?<\/a>\n\t\t\t\t\t<\/div>\n\t\t\t\t\t<div id=\"elementor-tab-content-1111\" class=\"elementor-tab-content elementor-clearfix\" data-tab=\"1\" role=\"tabpanel\" aria-labelledby=\"elementor-tab-title-1111\"><p><strong>Komunalna naknada<\/strong> je prihod prora\u010duna jedinice lokalne samouprave koji se koristi za financiranje odr\u017eavanja i gra\u0111enja komunalne infrastrukture, a mo\u017ee se na temelju odluke predstavni\u010dkog tijela jedinice lokalne samouprave koristiti i za financiranje gra\u0111enja i odr\u017eavanja objekata pred\u0161kolskog, \u0161kolskog, zdravstvenog i socijalnog sadr\u017eaja, javnih gra\u0111evina sportske i kulturne namjene te pobolj\u0161anja energetske u\u010dinkovitosti zgrada u vlasni\u0161tvu jedinice lokalne samouprave, ako se time ne dovodi u pitanje mogu\u0107nost odr\u017eavanja i gra\u0111enja komunalne infrastrukture.<\/p><\/div>\n\t\t\t\t<\/div>\n\t\t\t\t\t\t\t<div class=\"elementor-accordion-item\">\n\t\t\t\t\t<div id=\"elementor-tab-title-1112\" class=\"elementor-tab-title\" data-tab=\"2\" role=\"tab\" aria-controls=\"elementor-tab-content-1112\" aria-expanded=\"false\">\n\t\t\t\t\t\t\t\t\t\t\t\t\t<span class=\"elementor-accordion-icon elementor-accordion-icon-left\" aria-hidden=\"true\">\n\t\t\t\t\t\t\t\t\t\t\t\t\t\t\t<span class=\"elementor-accordion-icon-closed\"><i class=\"fas fa-plus\"><\/i><\/span>\n\t\t\t\t\t\t\t\t<span class=\"elementor-accordion-icon-opened\"><i class=\"fas fa-minus\"><\/i><\/span>\n\t\t\t\t\t\t\t\t\t\t\t\t\t\t<\/span>\n\t\t\t\t\t\t\t\t\t\t\t\t<a class=\"elementor-accordion-title\" href=\"\">Tko pla\u0107a komunalnu naknadu?<\/a>\n\t\t\t\t\t<\/div>\n\t\t\t\t\t<div id=\"elementor-tab-content-1112\" class=\"elementor-tab-content elementor-clearfix\" data-tab=\"2\" role=\"tabpanel\" aria-labelledby=\"elementor-tab-title-1112\"><p>Komunalnu naknadu pla\u0107aju vlasnici, odnosno korisnici:<\/p><ul><li>stambenog prostora,<\/li><li>poslovnog prostora,<\/li><li>gara\u017enog prostora,<\/li><li>gra\u0111evinskog zemlji\u0161ta koje slu\u017ei u svrhu obavljanja poslovne djelatnosti,<\/li><li>neizgra\u0111enoga gra\u0111evnog zemlji\u0161ta.<\/li><\/ul><\/div>\n\t\t\t\t<\/div>\n\t\t\t\t\t\t\t<div class=\"elementor-accordion-item\">\n\t\t\t\t\t<div id=\"elementor-tab-title-1113\" class=\"elementor-tab-title\" data-tab=\"3\" role=\"tab\" aria-controls=\"elementor-tab-content-1113\" aria-expanded=\"false\">\n\t\t\t\t\t\t\t\t\t\t\t\t\t<span class=\"elementor-accordion-icon elementor-accordion-icon-left\" aria-hidden=\"true\">\n\t\t\t\t\t\t\t\t\t\t\t\t\t\t\t<span class=\"elementor-accordion-icon-closed\"><i class=\"fas fa-plus\"><\/i><\/span>\n\t\t\t\t\t\t\t\t<span class=\"elementor-accordion-icon-opened\"><i class=\"fas fa-minus\"><\/i><\/span>\n\t\t\t\t\t\t\t\t\t\t\t\t\t\t<\/span>\n\t\t\t\t\t\t\t\t\t\t\t\t<a class=\"elementor-accordion-title\" href=\"\">Koji je na\u010din obra\u010duna i datum dospije\u0107a?<\/a>\n\t\t\t\t\t<\/div>\n\t\t\t\t\t<div id=\"elementor-tab-content-1113\" class=\"elementor-tab-content elementor-clearfix\" data-tab=\"3\" role=\"tabpanel\" aria-labelledby=\"elementor-tab-title-1113\"><p>Na\u010din obra\u010duna odre\u0111en je Odlukom o komunalnoj naknadi koju donosi Op\u0107insko vije\u0107e Op\u0107ine Josipdol.<\/p><p>Komunalna naknada pla\u0107a se tromjese\u010dno.<\/p><p>Obveza pla\u0107anja za teku\u0107u godinu dospijeva:<\/p><ul><li>15. travnja,<\/li><li>15. srpnja,<\/li><li>15. listopada,<\/li><li>15. prosinca.<\/li><\/ul><p align=\"JUSTIFY\">Obveznik pla\u0107anja komunalne naknade (fizi\u010dka ili pravna osoba) du\u017ean je u roku od 15 dana od dana nastanka obveze ili promjene osobe obveznika istu prijaviti upravnom tijelu nadle\u017enom za komunalno gospodarstvo jedinice lokalne samouprave na \u010dijem se podru\u010dju nalazi nekretnina \u2013 <a href=\"https:\/\/josipdol.hr\/ustroj\/juo\/\">Jedinstveni upravni odjel<\/a> \u2013 Op\u0107ine Josipdol.<\/p><\/div>\n\t\t\t\t<\/div>\n\t\t\t\t\t\t\t<div class=\"elementor-accordion-item\">\n\t\t\t\t\t<div id=\"elementor-tab-title-1114\" class=\"elementor-tab-title\" data-tab=\"4\" role=\"tab\" aria-controls=\"elementor-tab-content-1114\" aria-expanded=\"false\">\n\t\t\t\t\t\t\t\t\t\t\t\t\t<span class=\"elementor-accordion-icon elementor-accordion-icon-left\" aria-hidden=\"true\">\n\t\t\t\t\t\t\t\t\t\t\t\t\t\t\t<span class=\"elementor-accordion-icon-closed\"><i class=\"fas fa-plus\"><\/i><\/span>\n\t\t\t\t\t\t\t\t<span class=\"elementor-accordion-icon-opened\"><i class=\"fas fa-minus\"><\/i><\/span>\n\t\t\t\t\t\t\t\t\t\t\t\t\t\t<\/span>\n\t\t\t\t\t\t\t\t\t\t\t\t<a class=\"elementor-accordion-title\" href=\"\">Prijava obveze, promjena i podmirenje naknade<\/a>\n\t\t\t\t\t<\/div>\n\t\t\t\t\t<div id=\"elementor-tab-content-1114\" class=\"elementor-tab-content elementor-clearfix\" data-tab=\"4\" role=\"tabpanel\" aria-labelledby=\"elementor-tab-title-1114\"><p align=\"JUSTIFY\">Ako obveznik pla\u0107anja komunalne naknade ne prijavi obvezu pla\u0107anja komunalne naknade, promjenu osobe obveznika ili promjenu drugih podataka bitnih za utvr\u0111ivanje obveze pla\u0107anja komunalne naknade u propisanom roku, du\u017ean je platiti komunalnu naknadu <strong>od dana nastanka obveze<\/strong>.<\/p><p align=\"JUSTIFY\">Obveznici koji ne podmiruju komunalnu naknadu se opominju, odnosno <strong>pokre\u0107u se postupci prisilne naplate<\/strong>.<\/p><p align=\"JUSTIFY\">Dokumentaciju koja je relevantna za obvezu pla\u0107anja i obra\u010dun komunalne naknade, a kojom se dokazuje promjena vlasni\u0161tva odnosno kori\u0161tenja, povr\u0161ina prostora i\/ili namjena, primjerice ugovor o kupoprodaji prostora i zapisnik o primopredaji prostora, ugovor o darovanju, ugovor o zakupu\/najmu, pravomo\u0107no rje\u0161enje o naslje\u0111ivanju, vlasni\u010dki list, obveznik mo\u017ee poslati na adresu ili dostaviti neposredno u Op\u0107inu Josipdol, Ogulinska 12, Josipdol, <a href=\"mailto:opcina@josipdol.hr\">opcina@josipdol.hr<\/a>, 047-581-298<\/p><p>A\u017euriranjem promjene na objektu za obra\u010dun komunalne naknade ili promjene obveznika, provodi se promjena podataka i za naknadu za ure\u0111enje voda, obzirom da se ista naknada napla\u0107uje temeljem o\u010devidnika komunalne naknade.<\/p><\/div>\n\t\t\t\t<\/div>\n\t\t\t\t\t\t\t<div class=\"elementor-accordion-item\">\n\t\t\t\t\t<div id=\"elementor-tab-title-1115\" class=\"elementor-tab-title\" data-tab=\"5\" role=\"tab\" aria-controls=\"elementor-tab-content-1115\" aria-expanded=\"false\">\n\t\t\t\t\t\t\t\t\t\t\t\t\t<span class=\"elementor-accordion-icon elementor-accordion-icon-left\" aria-hidden=\"true\">\n\t\t\t\t\t\t\t\t\t\t\t\t\t\t\t<span class=\"elementor-accordion-icon-closed\"><i class=\"fas fa-plus\"><\/i><\/span>\n\t\t\t\t\t\t\t\t<span class=\"elementor-accordion-icon-opened\"><i class=\"fas fa-minus\"><\/i><\/span>\n\t\t\t\t\t\t\t\t\t\t\t\t\t\t<\/span>\n\t\t\t\t\t\t\t\t\t\t\t\t<a class=\"elementor-accordion-title\" href=\"\">Zakonska regulativa<\/a>\n\t\t\t\t\t<\/div>\n\t\t\t\t\t<div id=\"elementor-tab-content-1115\" class=\"elementor-tab-content elementor-clearfix\" data-tab=\"5\" role=\"tabpanel\" aria-labelledby=\"elementor-tab-title-1115\"><p>Komunalna naknada napla\u0107uje se temeljem rje\u0161enja o obvezi, visini i na\u010dinu pla\u0107anja koje donosi Jedinstveni upravni odjel.<\/p><p>Zakonska regulativa:<\/p><ul><li>Zakon o komunalnom gospodarstvu (Narodne novine broj: <a href=\"https:\/\/narodne-novine.nn.hr\/clanci\/sluzbeni\/2018_07_68_1393.html\">68\/18,<\/a> <a href=\"https:\/\/narodne-novine.nn.hr\/clanci\/sluzbeni\/2018_12_110_2138.html\">110\/18<\/a>),<\/li><li>Odluka o komunalnoj naknadi (\u201eGlasnik Karlova\u010dke \u017dupanije\u201c broj: <a href=\"http:\/\/www2.kazup.hr\/images\/dokumenti\/glasnik_kz\/2019\/glasnik_-_6-19_-_31.1.2019.pdf\">6\/2019<\/a>),<\/li><li>Odluka o izmjenama i dopunama Odluke o komunalnoj naknadi (\u201eGlasnik Karlova\u010dke \u017dupanije\u201c broj: <a href=\"https:\/\/www2.kazup.hr\/images\/glasnik_k%C5%BE_-_29-20_-_29.05.2020.pdf\">29\/2020<\/a>),<\/li><li>Odluka o vrijednosti boda za izra\u010dun komunalne naknade (48\/2018).<\/li><\/ul><\/div>\n\t\t\t\t<\/div>\n\t\t\t\t\t\t\t\t<\/div>\n\t\t\t\t<\/div>\n\t\t\t\t<\/div>\n\t\t\t\t\t\t<\/div>\n\t\t\t\t\t<\/div>\n\t\t<\/div>\n\t\t\t\t\t\t\t\t<\/div>\n\t\t\t\t\t<\/div>\n\t\t<\/section>\n\t\t\t\t\t\t<\/div>\n\t\t\t\t\t<\/div>\n\t\t<\/div>\n\t\t\t\t\t\t\t\t<\/div>\n\t\t\t\t\t<\/div>\n\t\t<\/section>\n\t\t\t\t<section class=\"elementor-section elementor-top-section elementor-element elementor-element-a1ad61a elementor-section-boxed elementor-section-height-default elementor-section-height-default\" data-id=\"a1ad61a\" data-element_type=\"section\">\n\t\t\t\t\t\t<div class=\"elementor-container elementor-column-gap-default\">\n\t\t\t\t\t\t\t<div class=\"elementor-row\">\n\t\t\t\t\t<div class=\"elementor-column elementor-col-100 elementor-top-column elementor-element elementor-element-c90bd96\" data-id=\"c90bd96\" data-element_type=\"column\">\n\t\t\t<div class=\"elementor-column-wrap elementor-element-populated\">\n\t\t\t\t\t\t\t<div class=\"elementor-widget-wrap\">\n\t\t\t\t\t\t<div class=\"elementor-element elementor-element-652ccec elementor-widget elementor-widget-ova_mission\" data-id=\"652ccec\" data-element_type=\"widget\" data-widget_type=\"ova_mission.default\">\n\t\t\t\t<div class=\"elementor-widget-container\">\n\t\t\t\n\t\t<div class=\"ova_mission\">\n\t\t\t<div class=\"items\">\n\t\t\t\t\t\t\t\t\n\t\t\t\t<div class=\"content\">\n\t\t\t\t\t\t\t\t\t\t\t\t\t\t\t\n\t\t\t\t\t\t\t\t\t\t<a href=\"https:\/\/josipdol.hr\/informacije-i-usluge\/ko-go\/\" class=\"second_font readmore\">\n\t\t\t\t\t\tPovratak na: Komunalno gospodarstvo\t\t\t\t\t\t<i data-feather=\"arrow-right\"><\/i>\n\t\t\t\t\t<\/a>\n\t\t\t\t\t\t\t\t\t<\/div>\n\n\t\t\t<\/div>\n\t\t<\/div>\n\t\t\n\n\t\t\t\t<\/div>\n\t\t\t\t<\/div>\n\t\t\t\t\t\t<\/div>\n\t\t\t\t\t<\/div>\n\t\t<\/div>\n\t\t\t\t\t\t\t\t<\/div>\n\t\t\t\t\t<\/div>\n\t\t<\/section>\n\t\t\t\t\t\t<\/div>\n\t\t\t\t\t\t<\/div>\n\t\t\t\t\t<\/div>\n\t\t","protected":false},"excerpt":{"rendered":"<p>Komunalna naknada Op\u0107ine Josipdol Dokumenti Obrasci za utvr\u0111ivanje komunalne naknade, odvoza sme\u0107a, PKO i PNT 23\/01\/2021 Odluka o komunalnoj naknadi &#8211; 2020 23\/01\/2021 Odluka o komunalnoj naknadi &#8211; 2019 23\/01\/2021 Dopis uz uplatnice za komunalnu naknadu-31-01-2020 31\/01\/2020 Popis svih dokumenata \u0160to je to komunalna naknada? Komunalna naknada je prihod prora\u010duna jedinice lokalne samouprave koji se [&hellip;]<\/p>\n","protected":false},"author":12,"featured_media":5077,"parent":6090,"menu_order":0,"comment_status":"closed","ping_status":"closed","template":"elementor_header_footer","meta":{"footnotes":""},"_links":{"self":[{"href":"https:\/\/josipdol.hr\/stara\/wp-json\/wp\/v2\/pages\/6290"}],"collection":[{"href":"https:\/\/josipdol.hr\/stara\/wp-json\/wp\/v2\/pages"}],"about":[{"href":"https:\/\/josipdol.hr\/stara\/wp-json\/wp\/v2\/types\/page"}],"author":[{"embeddable":true,"href":"https:\/\/josipdol.hr\/stara\/wp-json\/wp\/v2\/users\/12"}],"replies":[{"embeddable":true,"href":"https:\/\/josipdol.hr\/stara\/wp-json\/wp\/v2\/comments?post=6290"}],"version-history":[{"count":25,"href":"https:\/\/josipdol.hr\/stara\/wp-json\/wp\/v2\/pages\/6290\/revisions"}],"predecessor-version":[{"id":7377,"href":"https:\/\/josipdol.hr\/stara\/wp-json\/wp\/v2\/pages\/6290\/revisions\/7377"}],"up":[{"embeddable":true,"href":"https:\/\/josipdol.hr\/stara\/wp-json\/wp\/v2\/pages\/6090"}],"wp:featuredmedia":[{"embeddable":true,"href":"https:\/\/josipdol.hr\/stara\/wp-json\/wp\/v2\/media\/5077"}],"wp:attachment":[{"href":"https:\/\/josipdol.hr\/stara\/wp-json\/wp\/v2\/media?parent=6290"}],"curies":[{"name":"wp","href":"https:\/\/api.w.org\/{rel}","templated":true}]}}