{"id":5580,"date":"2021-01-07T15:21:15","date_gmt":"2021-01-07T14:21:15","guid":{"rendered":"https:\/\/josipdol.lucius.agency\/?page_id=5580"},"modified":"2024-04-08T13:00:31","modified_gmt":"2024-04-08T12:00:31","slug":"osoba-zaduzena-za-nepravilnosti","status":"publish","type":"page","link":"https:\/\/josipdol.hr\/stara\/informacije-i-usluge\/info\/osoba-zaduzena-za-nepravilnosti\/","title":{"rendered":"Osoba zadu\u017eena za nepravilnosti"},"content":{"rendered":"\t\t<div data-elementor-type=\"wp-page\" data-elementor-id=\"5580\" class=\"elementor elementor-5580\" data-elementor-settings=\"[]\">\n\t\t\t\t\t\t<div class=\"elementor-inner\">\n\t\t\t\t\t\t\t<div class=\"elementor-section-wrap\">\n\t\t\t\t\t\t\t<section class=\"elementor-section elementor-top-section elementor-element elementor-element-3e771da elementor-section-boxed elementor-section-height-default elementor-section-height-default\" data-id=\"3e771da\" data-element_type=\"section\">\n\t\t\t\t\t\t<div class=\"elementor-container elementor-column-gap-default\">\n\t\t\t\t\t\t\t<div class=\"elementor-row\">\n\t\t\t\t\t<div class=\"elementor-column elementor-col-100 elementor-top-column elementor-element elementor-element-e9517f9\" data-id=\"e9517f9\" data-element_type=\"column\">\n\t\t\t<div class=\"elementor-column-wrap elementor-element-populated\">\n\t\t\t\t\t\t\t<div class=\"elementor-widget-wrap\">\n\t\t\t\t\t\t<div class=\"elementor-element elementor-element-00b452f elementor-widget elementor-widget-ova_heading\" data-id=\"00b452f\" data-element_type=\"widget\" data-widget_type=\"ova_heading.default\">\n\t\t\t\t<div class=\"elementor-widget-container\">\n\t\t\t\t\t<div class=\"ova-heading\">\n\t\t\t\n\t\t\t\t\t\t\t<h3 class=\"title second_font\">Osoba zadu\u017eena za nepravilnosti<\/h3>\n\t\t\t\n\t\t\t\n\t\t<\/div>\n\t\t\t\t<\/div>\n\t\t\t\t<\/div>\n\t\t\t\t\t\t<\/div>\n\t\t\t\t\t<\/div>\n\t\t<\/div>\n\t\t\t\t\t\t\t\t<\/div>\n\t\t\t\t\t<\/div>\n\t\t<\/section>\n\t\t\t\t<section class=\"elementor-section elementor-top-section elementor-element elementor-element-1c25db3 elementor-section-boxed elementor-section-height-default elementor-section-height-default\" data-id=\"1c25db3\" data-element_type=\"section\">\n\t\t\t\t\t\t<div class=\"elementor-container elementor-column-gap-default\">\n\t\t\t\t\t\t\t<div class=\"elementor-row\">\n\t\t\t\t\t<div class=\"elementor-column elementor-col-33 elementor-top-column elementor-element elementor-element-e267abf\" data-id=\"e267abf\" data-element_type=\"column\">\n\t\t\t<div class=\"elementor-column-wrap elementor-element-populated\">\n\t\t\t\t\t\t\t<div class=\"elementor-widget-wrap\">\n\t\t\t\t\t\t<div class=\"elementor-element elementor-element-a96416a elementor-widget elementor-widget-heading\" data-id=\"a96416a\" data-element_type=\"widget\" data-widget_type=\"heading.default\">\n\t\t\t\t<div class=\"elementor-widget-container\">\n\t\t\t<h3 class=\"elementor-heading-title elementor-size-default\">Ivana Gudi\u0107, dipl. oec.<\/h3>\t\t<\/div>\n\t\t\t\t<\/div>\n\t\t\t\t<div class=\"elementor-element elementor-element-b0f9b1f elementor-widget elementor-widget-ova_contact_info\" data-id=\"b0f9b1f\" data-element_type=\"widget\" data-widget_type=\"ova_contact_info.default\">\n\t\t\t\t<div class=\"elementor-widget-container\">\n\t\t\t\t\t<div class=\"ova-contact-info type3\">\n\n\t\t\t<div class=\"icon\">\n\t\t\t\t<i class=\"fas fa-phone-alt\"><\/i>\t\t\t<\/div>\n\n\t\t\t\t\t\t\t<div class=\"address\">\n\t\t\t\t\t\t\t\t\t\t\t\t\t\t\t\t<label >Telefon:<\/label>\n\t\t\t\t\t\t\t\t\t\t<span class=\"text_link\"><a href='tel:1-800-7878-09'>047 \/ 581 - 298<\/a><\/span>\n\t\t\t\t<\/div>\n\t\t\t\t\t\t\n\t\t<\/div>\n\t\t\t\t<\/div>\n\t\t\t\t<\/div>\n\t\t\t\t<div class=\"elementor-element elementor-element-8f0c832 elementor-widget elementor-widget-ova_contact_info\" data-id=\"8f0c832\" data-element_type=\"widget\" data-widget_type=\"ova_contact_info.default\">\n\t\t\t\t<div class=\"elementor-widget-container\">\n\t\t\t\t\t<div class=\"ova-contact-info type3\">\n\n\t\t\t<div class=\"icon\">\n\t\t\t\t<i class=\"fas fa-envelope\"><\/i>\t\t\t<\/div>\n\n\t\t\t\t\t\t\t<div class=\"address\">\n\t\t\t\t\t\t\t\t\t\t\t\t\t\t\t\t<label >E-po\u0161ta:<\/label>\n\t\t\t\t\t\t\t\t\t\t<span class=\"text_link\"><a href='mailto:mailto:opcina@josipdol.hr'>opcina@josipdol.hr<\/a><\/span>\n\t\t\t\t<\/div>\n\t\t\t\t\t\t\n\t\t<\/div>\n\t\t\t\t<\/div>\n\t\t\t\t<\/div>\n\t\t\t\t\t\t<\/div>\n\t\t\t\t\t<\/div>\n\t\t<\/div>\n\t\t\t\t<div class=\"elementor-column elementor-col-66 elementor-top-column elementor-element elementor-element-d5336f9\" data-id=\"d5336f9\" data-element_type=\"column\">\n\t\t\t<div class=\"elementor-column-wrap elementor-element-populated\">\n\t\t\t\t\t\t\t<div class=\"elementor-widget-wrap\">\n\t\t\t\t\t\t<div class=\"elementor-element elementor-element-5902418 elementor-widget elementor-widget-spacer\" data-id=\"5902418\" data-element_type=\"widget\" data-widget_type=\"spacer.default\">\n\t\t\t\t<div class=\"elementor-widget-container\">\n\t\t\t\t\t<div class=\"elementor-spacer\">\n\t\t\t<div class=\"elementor-spacer-inner\"><\/div>\n\t\t<\/div>\n\t\t\t\t<\/div>\n\t\t\t\t<\/div>\n\t\t\t\t<div class=\"elementor-element elementor-element-e5f38d7 elementor-widget elementor-widget-text-editor\" data-id=\"e5f38d7\" data-element_type=\"widget\" data-widget_type=\"text-editor.default\">\n\t\t\t\t<div class=\"elementor-widget-container\">\n\t\t\t\t\t\t\t\t<div class=\"elementor-text-editor elementor-clearfix\">\n\t\t\t\t<p>Temeljem odredbe \u010dl. 43. st. 2. Zakona o sustavu unutarnjih financijskih kontrola u javnom sektoru (\u00abNarodne novine\u00bb broj 78\/15) utvr\u0111ena je obveza \u010delnika korisnika prora\u010duna da imenuje osobu zadu\u017eenu za nepravilnosti, koja \u0107e zaprimati obavijesti o nepravilnostima i sumnjama na prijevaru ili samostalno poduzimati radnje protiv nepravilnosti i prijevara.<\/p>\t\t\t\t\t<\/div>\n\t\t\t\t\t\t<\/div>\n\t\t\t\t<\/div>\n\t\t\t\t\t\t<\/div>\n\t\t\t\t\t<\/div>\n\t\t<\/div>\n\t\t\t\t\t\t\t\t<\/div>\n\t\t\t\t\t<\/div>\n\t\t<\/section>\n\t\t\t\t<section class=\"elementor-section elementor-top-section elementor-element elementor-element-50e3368 elementor-section-boxed elementor-section-height-default elementor-section-height-default\" data-id=\"50e3368\" data-element_type=\"section\">\n\t\t\t\t\t\t<div class=\"elementor-container elementor-column-gap-default\">\n\t\t\t\t\t\t\t<div class=\"elementor-row\">\n\t\t\t\t\t<div class=\"elementor-column elementor-col-33 elementor-top-column elementor-element elementor-element-d86a22c\" data-id=\"d86a22c\" data-element_type=\"column\">\n\t\t\t<div class=\"elementor-column-wrap elementor-element-populated\">\n\t\t\t\t\t\t\t<div class=\"elementor-widget-wrap\">\n\t\t\t\t\t\t<div class=\"elementor-element elementor-element-7b4dc7f elementor-widget elementor-widget-ova_doc\" data-id=\"7b4dc7f\" data-element_type=\"widget\" data-widget_type=\"ova_doc.default\">\n\t\t\t\t<div class=\"elementor-widget-container\">\n\t\t\t<div class=\"ova-document-list\">\n\t<div class=\"icon-doc\">\n\t\t<i class=\"flaticon-google-docs\"><\/i>\n\t<\/div>\n\t<div class=\"list-doc\">\n\t\t\t\t\t<div class=\"item\">\n\t\t\t\t\t\t\t\t<h3 class=\"title\">\n\t\t\t\t\t<a href=\"https:\/\/josipdol.hr\/stara\/ova_doc\/godisnje-objedinjeno-izvjesce-o-nepravilnostima\/\">\n\t\t\t\t\t\tGodi\u0161nje objedinjeno izvje\u0161\u0107e o nepravilnostima\t\t\t\t\t<\/a>\n\t\t\t\t<\/h3>\n\t\t\t\t\t\t\t\t\n\t\t\t<\/div>\n\n\t\t\t\t\t<div class=\"item\">\n\t\t\t\t\t\t\t\t<h3 class=\"title\">\n\t\t\t\t\t<a href=\"https:\/\/josipdol.hr\/stara\/ova_doc\/obrazac-za-prijavu-nepravilnosti-2\/\">\n\t\t\t\t\t\tObrazac za prijavu nepravilnosti\t\t\t\t\t<\/a>\n\t\t\t\t<\/h3>\n\t\t\t\t\t\t\t\t\n\t\t\t<\/div>\n\n\t\t\t\t\t<div class=\"item\">\n\t\t\t\t\t\t\t\t<h3 class=\"title\">\n\t\t\t\t\t<a href=\"https:\/\/josipdol.hr\/stara\/ova_doc\/odluka-o-imenovanju-povjerljive-osobe-za-unutarnje-prijavljivanje-nepravilnosti\/\">\n\t\t\t\t\t\tOdluka o imenovanju povjerljive osobe za unutarnje prijavljivanje nepravilnosti\t\t\t\t\t<\/a>\n\t\t\t\t<\/h3>\n\t\t\t\t\t\t\t\t\n\t\t\t<\/div>\n\n\t\t\t\t\t<div class=\"item\">\n\t\t\t\t\t\t\t\t<h3 class=\"title\">\n\t\t\t\t\t<a href=\"https:\/\/josipdol.hr\/stara\/ova_doc\/poziv-za-predlaganje-kandidata-za-imenovanje-povjerljive-osobe-za-unutarnje-prijavljivanje-nepravilnosti-i-zamjenika-povjerljive-osobe\/\">\n\t\t\t\t\t\tPoziv za predlaganje kandidata za imenovanje Povjerljive osobe za unutarnje prijavljivanje nepravilnosti i zamjenika povjerljive osobe\t\t\t\t\t<\/a>\n\t\t\t\t<\/h3>\n\t\t\t\t\t\t\t\t\n\t\t\t<\/div>\n\n\t\t\t\t\t<div class=\"item\">\n\t\t\t\t\t\t\t\t<h3 class=\"title\">\n\t\t\t\t\t<a href=\"https:\/\/josipdol.hr\/stara\/ova_doc\/obrazac-za-prijavu-nepravilnosti\/\">\n\t\t\t\t\t\tObrazac za prijavu nepravilnosti\t\t\t\t\t<\/a>\n\t\t\t\t<\/h3>\n\t\t\t\t\t\t\t\t\n\t\t\t<\/div>\n\n\t\t\n\t\t\n\t<\/div>\n<\/div>\t\t<\/div>\n\t\t\t\t<\/div>\n\t\t\t\t\t\t<\/div>\n\t\t\t\t\t<\/div>\n\t\t<\/div>\n\t\t\t\t<div class=\"elementor-column elementor-col-66 elementor-top-column elementor-element elementor-element-3b2fc43\" data-id=\"3b2fc43\" data-element_type=\"column\">\n\t\t\t<div class=\"elementor-column-wrap elementor-element-populated\">\n\t\t\t\t\t\t\t<div class=\"elementor-widget-wrap\">\n\t\t\t\t\t\t<div class=\"elementor-element elementor-element-6666524 elementor-tabs-view-horizontal elementor-widget elementor-widget-tabs\" data-id=\"6666524\" data-element_type=\"widget\" data-widget_type=\"tabs.default\">\n\t\t\t\t<div class=\"elementor-widget-container\">\n\t\t\t\t\t<div class=\"elementor-tabs\">\n\t\t\t<div class=\"elementor-tabs-wrapper\" role=\"tablist\" >\n\t\t\t\t\t\t\t\t\t<div id=\"elementor-tab-title-1071\" class=\"elementor-tab-title elementor-tab-desktop-title\" aria-selected=\"true\" data-tab=\"1\" role=\"tab\" tabindex=\"0\" aria-controls=\"elementor-tab-content-1071\" aria-expanded=\"false\"><a href=\"\">Razlog imenovanja<\/a><\/div>\n\t\t\t\t\t\t\t\t\t<div id=\"elementor-tab-title-1072\" class=\"elementor-tab-title elementor-tab-desktop-title\" aria-selected=\"false\" data-tab=\"2\" role=\"tab\" tabindex=\"-1\" aria-controls=\"elementor-tab-content-1072\" aria-expanded=\"false\"><a href=\"\">Obja\u0161njenje<\/a><\/div>\n\t\t\t\t\t\t\t\t\t<div id=\"elementor-tab-title-1073\" class=\"elementor-tab-title elementor-tab-desktop-title\" aria-selected=\"false\" data-tab=\"3\" role=\"tab\" tabindex=\"-1\" aria-controls=\"elementor-tab-content-1073\" aria-expanded=\"false\"><a href=\"\">Postupanje<\/a><\/div>\n\t\t\t\t\t\t\t\t\t<div id=\"elementor-tab-title-1074\" class=\"elementor-tab-title elementor-tab-desktop-title\" aria-selected=\"false\" data-tab=\"4\" role=\"tab\" tabindex=\"-1\" aria-controls=\"elementor-tab-content-1074\" aria-expanded=\"false\"><a href=\"\">Rok<\/a><\/div>\n\t\t\t\t\t\t\t<\/div>\n\t\t\t<div class=\"elementor-tabs-content-wrapper\" role=\"tablist\" aria-orientation=\"vertical\">\n\t\t\t\t\t\t\t\t\t<div class=\"elementor-tab-title elementor-tab-mobile-title\" aria-selected=\"true\" data-tab=\"1\" role=\"tab\" tabindex=\"0\" aria-controls=\"elementor-tab-content-1071\" aria-expanded=\"false\">Razlog imenovanja<\/div>\n\t\t\t\t\t<div id=\"elementor-tab-content-1071\" class=\"elementor-tab-content elementor-clearfix\" data-tab=\"1\" role=\"tabpanel\" aria-labelledby=\"elementor-tab-title-1071\" tabindex=\"0\" hidden=\"false\"><p>\u010celnik korisnika prora\u010duna du\u017ean je sprje\u010davati rizik nepravilnosti i prijevare te poduzimati radnje protiv njih. On je obvezan imenovati osobu zadu\u017eenu za nepravilnosti, koja \u0107e zaprimati obavijesti o nepravilnostima i sumnjama na prijevaru, te koja je odgovorna za poduzimanje radnji protiv nepravilnosti i prijevara.<\/p><p>\u00a0<\/p><\/div>\n\t\t\t\t\t\t\t\t\t<div class=\"elementor-tab-title elementor-tab-mobile-title\" aria-selected=\"false\" data-tab=\"2\" role=\"tab\" tabindex=\"-1\" aria-controls=\"elementor-tab-content-1072\" aria-expanded=\"false\">Obja\u0161njenje<\/div>\n\t\t\t\t\t<div id=\"elementor-tab-content-1072\" class=\"elementor-tab-content elementor-clearfix\" data-tab=\"2\" role=\"tabpanel\" aria-labelledby=\"elementor-tab-title-1072\" tabindex=\"0\" hidden=\"hidden\"><p>Nepravilnost predstavlja svako nepridr\u017eavanje ili pogre\u0161nu primjenu zakona i drugih propisa koja proizlazi iz radnji ili propusta korisnika prora\u010duna, a koja ima ili bi mogla imati \u0161tetan utjecaj na prora\u010dunska sredstva i sredstva iz drugih izvora, bilo da se radi o prihodima\/primicima, rashodima\/izdacima, povratima, imovini ili obvezama.<\/p><\/div>\n\t\t\t\t\t\t\t\t\t<div class=\"elementor-tab-title elementor-tab-mobile-title\" aria-selected=\"false\" data-tab=\"3\" role=\"tab\" tabindex=\"-1\" aria-controls=\"elementor-tab-content-1073\" aria-expanded=\"false\">Postupanje<\/div>\n\t\t\t\t\t<div id=\"elementor-tab-content-1073\" class=\"elementor-tab-content elementor-clearfix\" data-tab=\"3\" role=\"tabpanel\" aria-labelledby=\"elementor-tab-title-1073\" tabindex=\"0\" hidden=\"hidden\"><p>Nakon primljene obavijesti o nepravilnosti ili sumnji na prijevaru, \u010delnik ili osoba zadu\u017eena za nepravilnosti poduzet \u0107e potrebne mjere i o tome obavijestiti Dr\u017eavno odvjetni\u0161tvo Republike Hrvatske i nadle\u017eno tijelo za nepravilnosti i prijevare pri Ministarstvu financija.<\/p><\/div>\n\t\t\t\t\t\t\t\t\t<div class=\"elementor-tab-title elementor-tab-mobile-title\" aria-selected=\"false\" data-tab=\"4\" role=\"tab\" tabindex=\"-1\" aria-controls=\"elementor-tab-content-1074\" aria-expanded=\"false\">Rok<\/div>\n\t\t\t\t\t<div id=\"elementor-tab-content-1074\" class=\"elementor-tab-content elementor-clearfix\" data-tab=\"4\" role=\"tabpanel\" aria-labelledby=\"elementor-tab-title-1074\" tabindex=\"0\" hidden=\"hidden\"><p>U roku 15 dana od dana zaprimanja obavijesti, u pisanom \u0107e obliku o poduzetim mjerama obavijestiti osobu koja je upozorila na nepravilnosti ili prijevaru.<\/p><\/div>\n\t\t\t\t\t\t\t<\/div>\n\t\t<\/div>\n\t\t\t\t<\/div>\n\t\t\t\t<\/div>\n\t\t\t\t\t\t<\/div>\n\t\t\t\t\t<\/div>\n\t\t<\/div>\n\t\t\t\t\t\t\t\t<\/div>\n\t\t\t\t\t<\/div>\n\t\t<\/section>\n\t\t\t\t<section class=\"elementor-section elementor-top-section elementor-element elementor-element-9fd6671 elementor-section-content-middle elementor-section-boxed elementor-section-height-default elementor-section-height-default\" data-id=\"9fd6671\" data-element_type=\"section\">\n\t\t\t\t\t\t<div class=\"elementor-container elementor-column-gap-default\">\n\t\t\t\t\t\t\t<div class=\"elementor-row\">\n\t\t\t\t\t<div class=\"elementor-column elementor-col-33 elementor-top-column elementor-element elementor-element-587ad86\" data-id=\"587ad86\" data-element_type=\"column\">\n\t\t\t<div class=\"elementor-column-wrap elementor-element-populated\">\n\t\t\t\t\t\t\t<div class=\"elementor-widget-wrap\">\n\t\t\t\t\t\t<div class=\"elementor-element elementor-element-bbe984f elementor-widget elementor-widget-ova_mission\" data-id=\"bbe984f\" data-element_type=\"widget\" data-widget_type=\"ova_mission.default\">\n\t\t\t\t<div class=\"elementor-widget-container\">\n\t\t\t\n\t\t<div class=\"ova_mission\">\n\t\t\t<div class=\"items\">\n\t\t\t\t\t\t\t\t\n\t\t\t\t<div class=\"content\">\n\t\t\t\t\t\t\t\t\t\t\t<h3 class=\"title\">\n\t\t\t\t\t\t\t<a class=\"second_font\" href=\"https:\/\/josipdol.hr\/informacije-i-usluge\/info\/pristup-informacijama\/\">\n\t\t\t\t\t\t\t\tPravo na pristup informacijama\t\t\t\t\t\t\t<\/a>\n\t\t\t\t\t\t<\/h3>\n\t\t\t\t\t\t\t\t\t\t\t\t\t\t\t\n\t\t\t\t\t\t\t\t\t\t<a href=\"https:\/\/josipdol.hr\/informacije-i-usluge\/info\/pristup-informacijama\/\" class=\"second_font readmore\">\n\t\t\t\t\t\tVi\u0161e....\t\t\t\t\t\t<i data-feather=\"arrow-right\"><\/i>\n\t\t\t\t\t<\/a>\n\t\t\t\t\t\t\t\t\t<\/div>\n\n\t\t\t<\/div>\n\t\t<\/div>\n\t\t\n\n\t\t\t\t<\/div>\n\t\t\t\t<\/div>\n\t\t\t\t\t\t<\/div>\n\t\t\t\t\t<\/div>\n\t\t<\/div>\n\t\t\t\t<div class=\"elementor-column elementor-col-33 elementor-top-column elementor-element elementor-element-6079310\" data-id=\"6079310\" data-element_type=\"column\">\n\t\t\t<div class=\"elementor-column-wrap elementor-element-populated\">\n\t\t\t\t\t\t\t<div class=\"elementor-widget-wrap\">\n\t\t\t\t\t\t<div class=\"elementor-element elementor-element-27b4f1f elementor-widget elementor-widget-ova_mission\" data-id=\"27b4f1f\" data-element_type=\"widget\" data-widget_type=\"ova_mission.default\">\n\t\t\t\t<div class=\"elementor-widget-container\">\n\t\t\t\n\t\t<div class=\"ova_mission\">\n\t\t\t<div class=\"items\">\n\t\t\t\t\t\t\t\t\n\t\t\t\t<div class=\"content\">\n\t\t\t\t\t\t\t\t\t\t\t<h3 class=\"title\">\n\t\t\t\t\t\t\t<a class=\"second_font\" href=\"https:\/\/josipdol.hr\/informacije-i-usluge\/info\/zop\/\">\n\t\t\t\t\t\t\t\tZa\u0161tita osobnih podataka\t\t\t\t\t\t\t<\/a>\n\t\t\t\t\t\t<\/h3>\n\t\t\t\t\t\t\t\t\t\t\t\t\t\t\t\n\t\t\t\t\t\t\t\t\t\t<a href=\"https:\/\/josipdol.hr\/informacije-i-usluge\/info\/zop\/\" class=\"second_font readmore\">\n\t\t\t\t\t\tVi\u0161e....\t\t\t\t\t\t<i data-feather=\"arrow-right\"><\/i>\n\t\t\t\t\t<\/a>\n\t\t\t\t\t\t\t\t\t<\/div>\n\n\t\t\t<\/div>\n\t\t<\/div>\n\t\t\n\n\t\t\t\t<\/div>\n\t\t\t\t<\/div>\n\t\t\t\t\t\t<\/div>\n\t\t\t\t\t<\/div>\n\t\t<\/div>\n\t\t\t\t<div class=\"elementor-column elementor-col-33 elementor-top-column elementor-element elementor-element-10600ca\" data-id=\"10600ca\" data-element_type=\"column\">\n\t\t\t<div class=\"elementor-column-wrap elementor-element-populated\">\n\t\t\t\t\t\t\t<div class=\"elementor-widget-wrap\">\n\t\t\t\t\t\t<div class=\"elementor-element elementor-element-bad88f1 elementor-widget elementor-widget-ova_mission\" data-id=\"bad88f1\" data-element_type=\"widget\" data-widget_type=\"ova_mission.default\">\n\t\t\t\t<div class=\"elementor-widget-container\">\n\t\t\t\n\t\t<div class=\"ova_mission\">\n\t\t\t<div class=\"items\">\n\t\t\t\t\t\t\t\t\n\t\t\t\t<div class=\"content\">\n\t\t\t\t\t\t\t\t\t\t\t<h3 class=\"title\">\n\t\t\t\t\t\t\t<a class=\"second_font\" href=\"https:\/\/josipdol.hr\/informacije-i-usluge\/info\/szi\/\">\n\t\t\t\t\t\t\t\tSlu\u017ebenik za informiranje\t\t\t\t\t\t\t<\/a>\n\t\t\t\t\t\t<\/h3>\n\t\t\t\t\t\t\t\t\t\t\t\t\t\t\t\n\t\t\t\t\t\t\t\t\t\t<a href=\"https:\/\/josipdol.hr\/informacije-i-usluge\/info\/szi\/\" class=\"second_font readmore\">\n\t\t\t\t\t\tVi\u0161e....\t\t\t\t\t\t<i data-feather=\"arrow-right\"><\/i>\n\t\t\t\t\t<\/a>\n\t\t\t\t\t\t\t\t\t<\/div>\n\n\t\t\t<\/div>\n\t\t<\/div>\n\t\t\n\n\t\t\t\t<\/div>\n\t\t\t\t<\/div>\n\t\t\t\t\t\t<\/div>\n\t\t\t\t\t<\/div>\n\t\t<\/div>\n\t\t\t\t\t\t\t\t<\/div>\n\t\t\t\t\t<\/div>\n\t\t<\/section>\n\t\t\t\t\t\t<\/div>\n\t\t\t\t\t\t<\/div>\n\t\t\t\t\t<\/div>\n\t\t","protected":false},"excerpt":{"rendered":"<p>Osoba zadu\u017eena za nepravilnosti Ivana Gudi\u0107, dipl. oec. Telefon: 047 \/ 581 &#8211; 298 E-po\u0161ta: opcina@josipdol.hr Temeljem odredbe \u010dl. 43. st. 2. Zakona o sustavu unutarnjih financijskih kontrola u javnom sektoru (\u00abNarodne novine\u00bb broj 78\/15) utvr\u0111ena je obveza \u010delnika korisnika prora\u010duna da imenuje osobu zadu\u017eenu za nepravilnosti, koja \u0107e zaprimati obavijesti o nepravilnostima i sumnjama [&hellip;]<\/p>\n","protected":false},"author":12,"featured_media":5003,"parent":5406,"menu_order":0,"comment_status":"closed","ping_status":"closed","template":"elementor_header_footer","meta":{"footnotes":""},"_links":{"self":[{"href":"https:\/\/josipdol.hr\/stara\/wp-json\/wp\/v2\/pages\/5580"}],"collection":[{"href":"https:\/\/josipdol.hr\/stara\/wp-json\/wp\/v2\/pages"}],"about":[{"href":"https:\/\/josipdol.hr\/stara\/wp-json\/wp\/v2\/types\/page"}],"author":[{"embeddable":true,"href":"https:\/\/josipdol.hr\/stara\/wp-json\/wp\/v2\/users\/12"}],"replies":[{"embeddable":true,"href":"https:\/\/josipdol.hr\/stara\/wp-json\/wp\/v2\/comments?post=5580"}],"version-history":[{"count":24,"href":"https:\/\/josipdol.hr\/stara\/wp-json\/wp\/v2\/pages\/5580\/revisions"}],"predecessor-version":[{"id":15922,"href":"https:\/\/josipdol.hr\/stara\/wp-json\/wp\/v2\/pages\/5580\/revisions\/15922"}],"up":[{"embeddable":true,"href":"https:\/\/josipdol.hr\/stara\/wp-json\/wp\/v2\/pages\/5406"}],"wp:featuredmedia":[{"embeddable":true,"href":"https:\/\/josipdol.hr\/stara\/wp-json\/wp\/v2\/media\/5003"}],"wp:attachment":[{"href":"https:\/\/josipdol.hr\/stara\/wp-json\/wp\/v2\/media?parent=5580"}],"curies":[{"name":"wp","href":"https:\/\/api.w.org\/{rel}","templated":true}]}}