{"id":3379,"date":"2020-12-08T14:05:43","date_gmt":"2020-12-08T13:05:43","guid":{"rendered":"https:\/\/josipdol.lucius.agency\/?page_id=3379"},"modified":"2021-02-17T18:38:26","modified_gmt":"2021-02-17T17:38:26","slug":"obiljezja","status":"publish","type":"page","link":"https:\/\/josipdol.hr\/stara\/josipdol\/obiljezja\/","title":{"rendered":"Obilje\u017eja"},"content":{"rendered":"\t\t<div data-elementor-type=\"wp-page\" data-elementor-id=\"3379\" class=\"elementor elementor-3379\" data-elementor-settings=\"[]\">\n\t\t\t\t\t\t<div class=\"elementor-inner\">\n\t\t\t\t\t\t\t<div class=\"elementor-section-wrap\">\n\t\t\t\t\t\t\t<section class=\"elementor-section elementor-top-section elementor-element elementor-element-fc6ddf8 elementor-section-boxed elementor-section-height-default elementor-section-height-default\" data-id=\"fc6ddf8\" data-element_type=\"section\">\n\t\t\t\t\t\t<div class=\"elementor-container elementor-column-gap-default\">\n\t\t\t\t\t\t\t<div class=\"elementor-row\">\n\t\t\t\t\t<div class=\"elementor-column elementor-col-100 elementor-top-column elementor-element elementor-element-eb63eeb\" data-id=\"eb63eeb\" data-element_type=\"column\">\n\t\t\t<div class=\"elementor-column-wrap elementor-element-populated\">\n\t\t\t\t\t\t\t<div class=\"elementor-widget-wrap\">\n\t\t\t\t\t\t<div class=\"elementor-element elementor-element-b130545 elementor-widget elementor-widget-ova_heading\" data-id=\"b130545\" data-element_type=\"widget\" data-widget_type=\"ova_heading.default\">\n\t\t\t\t<div class=\"elementor-widget-container\">\n\t\t\t\t\t<div class=\"ova-heading\">\n\t\t\t\n\t\t\t\t\t\t\t<h3 class=\"title second_font\">Obilje\u017eja Josipdola<\/h3>\n\t\t\t\n\t\t\t\n\t\t<\/div>\n\t\t\t\t<\/div>\n\t\t\t\t<\/div>\n\t\t\t\t<div class=\"elementor-element elementor-element-a96d007 elementor-widget elementor-widget-text-editor\" data-id=\"a96d007\" data-element_type=\"widget\" data-widget_type=\"text-editor.default\">\n\t\t\t\t<div class=\"elementor-widget-container\">\n\t\t\t\t\t\t\t\t<div class=\"elementor-text-editor elementor-clearfix\">\n\t\t\t\t<p><strong>Grb<\/strong> Josipdola je\u00a0u srebrnom \u0161titu heraldi\u010dka kaciga s crveno-zlatnim pla\u0161tem i to\u010denicom te kao nakit na njemu krilo vodoravno razdijeljeno crveno i zlatno sa \u0161estokrakom zlatnom zvijezdom u gornjem polju.<\/p>\t\t\t\t\t<\/div>\n\t\t\t\t\t\t<\/div>\n\t\t\t\t<\/div>\n\t\t\t\t<div class=\"elementor-element elementor-element-d72cb89 elementor-widget elementor-widget-text-editor\" data-id=\"d72cb89\" data-element_type=\"widget\" data-widget_type=\"text-editor.default\">\n\t\t\t\t<div class=\"elementor-widget-container\">\n\t\t\t\t\t\t\t\t<div class=\"elementor-text-editor elementor-clearfix\">\n\t\t\t\t<p>Grb op\u0107ine Josipdol neobi\u010dan je stoga \u0161to se na njemu nalazi dio velikog grba koji se ina\u010de ne nalazi na samom \u0161titu. Naime u heraldici, znanosti o grbovima, razlikuju se mali srednji i veliki grbovi, a veliki grbovi, osim samoga \u0161tita, obuhva\u0107aju i krunu, lentu, kacigu, \u010duvara grba, pla\u0161t i zastavu.\u00a0 U grbu prevladavaju crvena i zlazna boja, koje su se ina\u010de nalazile na grbu knezova Kr\u010dkih, od sredine 15. stolje\u0107a knezova Frankapana (Frankopana) te zlatna \u0161esterokraka zvijezda, tako\u0111er s njihovog grba. Knezovi Kr\u010dki \u2013 Frankopani posjedovali su ovaj prostor, u srednjem vijeku Modru\u0161u, od 12. stolje\u0107a, pa do osmanlijskih osvajanja i stvaranja Vojne krajine.<\/p><p>Grb se nalazi i na svim op\u0107inskim zastavama, slu\u017ebenoj, sve\u010danoj i stolnoj.<\/p>\t\t\t\t\t<\/div>\n\t\t\t\t\t\t<\/div>\n\t\t\t\t<\/div>\n\t\t\t\t<div class=\"elementor-element elementor-element-19c42af elementor-widget elementor-widget-text-editor\" data-id=\"19c42af\" data-element_type=\"widget\" data-widget_type=\"text-editor.default\">\n\t\t\t\t<div class=\"elementor-widget-container\">\n\t\t\t\t\t\t\t\t<div class=\"elementor-text-editor elementor-clearfix\">\n\t\t\t\t<p>Kaciga sa grba obitelji Frankopan, knezova Kr\u010dkih i Modru\u0161kih, nekada najva\u017enije obitelji na ovom podru\u010dju. Takva kaciga i nakit u heraldici postavljaju se iznad \u0161tita koji sadr\u017ei heraldi\u010dke znakove, pa je upotreba kacige i nakita kao elemenata \u0161tita krajnje neobi\u010dna.<\/p>\t\t\t\t\t<\/div>\n\t\t\t\t\t\t<\/div>\n\t\t\t\t<\/div>\n\t\t\t\t\t\t<\/div>\n\t\t\t\t\t<\/div>\n\t\t<\/div>\n\t\t\t\t\t\t\t\t<\/div>\n\t\t\t\t\t<\/div>\n\t\t<\/section>\n\t\t\t\t<section class=\"elementor-section elementor-top-section elementor-element elementor-element-0619ef2 elementor-section-boxed elementor-section-height-default elementor-section-height-default\" data-id=\"0619ef2\" data-element_type=\"section\">\n\t\t\t\t\t\t<div class=\"elementor-container elementor-column-gap-default\">\n\t\t\t\t\t\t\t<div class=\"elementor-row\">\n\t\t\t\t\t<div class=\"elementor-column elementor-col-100 elementor-top-column elementor-element elementor-element-f1336f2\" data-id=\"f1336f2\" data-element_type=\"column\">\n\t\t\t<div class=\"elementor-column-wrap elementor-element-populated\">\n\t\t\t\t\t\t\t<div class=\"elementor-widget-wrap\">\n\t\t\t\t\t\t<div class=\"elementor-element elementor-element-1dee4bd elementor-widget elementor-widget-image\" data-id=\"1dee4bd\" data-element_type=\"widget\" data-widget_type=\"image.default\">\n\t\t\t\t<div class=\"elementor-widget-container\">\n\t\t\t\t\t\t\t\t<div class=\"elementor-image\">\n\t\t\t\t\t\t\t\t\t<figure class=\"wp-caption\">\n\t\t\t\t\t\t\t\t\t\t<img loading=\"lazy\" decoding=\"async\" width=\"163\" height=\"216\" src=\"https:\/\/josipdol.hr\/stara\/wp-content\/uploads\/2020\/12\/GRB1.gif\" class=\"attachment-large size-large\" alt=\"\" \/>\t\t\t\t\t\t\t\t\t\t\t<figcaption class=\"widget-image-caption wp-caption-text\">Grb Op\u0107ine Josipdol<\/figcaption>\n\t\t\t\t\t\t\t\t\t\t<\/figure>\n\t\t\t\t\t\t\t\t<\/div>\n\t\t\t\t\t\t<\/div>\n\t\t\t\t<\/div>\n\t\t\t\t\t\t<\/div>\n\t\t\t\t\t<\/div>\n\t\t<\/div>\n\t\t\t\t\t\t\t\t<\/div>\n\t\t\t\t\t<\/div>\n\t\t<\/section>\n\t\t\t\t<section class=\"elementor-section elementor-top-section elementor-element elementor-element-7602fea elementor-section-boxed elementor-section-height-default elementor-section-height-default\" data-id=\"7602fea\" data-element_type=\"section\">\n\t\t\t\t\t\t<div class=\"elementor-container elementor-column-gap-default\">\n\t\t\t\t\t\t\t<div class=\"elementor-row\">\n\t\t\t\t\t<div class=\"elementor-column elementor-col-100 elementor-top-column elementor-element elementor-element-59d4a9a\" data-id=\"59d4a9a\" data-element_type=\"column\">\n\t\t\t<div class=\"elementor-column-wrap elementor-element-populated\">\n\t\t\t\t\t\t\t<div class=\"elementor-widget-wrap\">\n\t\t\t\t\t\t<div class=\"elementor-element elementor-element-0601325 elementor-widget elementor-widget-text-editor\" data-id=\"0601325\" data-element_type=\"widget\" data-widget_type=\"text-editor.default\">\n\t\t\t\t<div class=\"elementor-widget-container\">\n\t\t\t\t\t\t\t\t<div class=\"elementor-text-editor elementor-clearfix\">\n\t\t\t\t<p><b style=\"letter-spacing: 0px;\">Sve\u010dana zastava <\/b><span style=\"letter-spacing: 0px;\">je crveni gonfalon s grbom u sredini, imenom op\u0107ine iznad i ornamentima breze u tri trokutasto zavr\u0161avaju\u0107a repa s resama.<\/span><\/p>\t\t\t\t\t<\/div>\n\t\t\t\t\t\t<\/div>\n\t\t\t\t<\/div>\n\t\t\t\t\t\t<\/div>\n\t\t\t\t\t<\/div>\n\t\t<\/div>\n\t\t\t\t\t\t\t\t<\/div>\n\t\t\t\t\t<\/div>\n\t\t<\/section>\n\t\t\t\t<section class=\"elementor-section elementor-top-section elementor-element elementor-element-1359eb2 elementor-section-boxed elementor-section-height-default elementor-section-height-default\" data-id=\"1359eb2\" data-element_type=\"section\">\n\t\t\t\t\t\t<div class=\"elementor-container elementor-column-gap-default\">\n\t\t\t\t\t\t\t<div class=\"elementor-row\">\n\t\t\t\t\t<div class=\"elementor-column elementor-col-100 elementor-top-column elementor-element elementor-element-dc369df\" data-id=\"dc369df\" data-element_type=\"column\">\n\t\t\t<div class=\"elementor-column-wrap elementor-element-populated\">\n\t\t\t\t\t\t\t<div class=\"elementor-widget-wrap\">\n\t\t\t\t\t\t<div class=\"elementor-element elementor-element-eca13c4 elementor-widget elementor-widget-image\" data-id=\"eca13c4\" data-element_type=\"widget\" data-widget_type=\"image.default\">\n\t\t\t\t<div class=\"elementor-widget-container\">\n\t\t\t\t\t\t\t\t<div class=\"elementor-image\">\n\t\t\t\t\t\t\t\t\t<figure class=\"wp-caption\">\n\t\t\t\t\t\t\t\t\t\t<img loading=\"lazy\" decoding=\"async\" width=\"216\" height=\"433\" src=\"https:\/\/josipdol.hr\/stara\/wp-content\/uploads\/2020\/12\/hr-ka-jo1.gif\" class=\"attachment-large size-large\" alt=\"\" \/>\t\t\t\t\t\t\t\t\t\t\t<figcaption class=\"widget-image-caption wp-caption-text\">Sve\u010dana zastava Op\u0107ine Josipdol<\/figcaption>\n\t\t\t\t\t\t\t\t\t\t<\/figure>\n\t\t\t\t\t\t\t\t<\/div>\n\t\t\t\t\t\t<\/div>\n\t\t\t\t<\/div>\n\t\t\t\t\t\t<\/div>\n\t\t\t\t\t<\/div>\n\t\t<\/div>\n\t\t\t\t\t\t\t\t<\/div>\n\t\t\t\t\t<\/div>\n\t\t<\/section>\n\t\t\t\t<section class=\"elementor-section elementor-top-section elementor-element elementor-element-d09dec0 elementor-section-boxed elementor-section-height-default elementor-section-height-default\" data-id=\"d09dec0\" data-element_type=\"section\">\n\t\t\t\t\t\t<div class=\"elementor-container elementor-column-gap-default\">\n\t\t\t\t\t\t\t<div class=\"elementor-row\">\n\t\t\t\t\t<div class=\"elementor-column elementor-col-100 elementor-top-column elementor-element elementor-element-98f2f2e\" data-id=\"98f2f2e\" data-element_type=\"column\">\n\t\t\t<div class=\"elementor-column-wrap elementor-element-populated\">\n\t\t\t\t\t\t\t<div class=\"elementor-widget-wrap\">\n\t\t\t\t\t\t<div class=\"elementor-element elementor-element-e6ef515 elementor-widget elementor-widget-text-editor\" data-id=\"e6ef515\" data-element_type=\"widget\" data-widget_type=\"text-editor.default\">\n\t\t\t\t<div class=\"elementor-widget-container\">\n\t\t\t\t\t\t\t\t<div class=\"elementor-text-editor elementor-clearfix\">\n\t\t\t\t<p style=\"text-align: center;\"><b>Zastava <\/b>je crvena sa zlatno obrubljenim grbom u sredini.<\/p>\t\t\t\t\t<\/div>\n\t\t\t\t\t\t<\/div>\n\t\t\t\t<\/div>\n\t\t\t\t\t\t<\/div>\n\t\t\t\t\t<\/div>\n\t\t<\/div>\n\t\t\t\t\t\t\t\t<\/div>\n\t\t\t\t\t<\/div>\n\t\t<\/section>\n\t\t\t\t<section class=\"elementor-section elementor-top-section elementor-element elementor-element-ff711c0 elementor-section-boxed elementor-section-height-default elementor-section-height-default\" data-id=\"ff711c0\" data-element_type=\"section\">\n\t\t\t\t\t\t<div class=\"elementor-container elementor-column-gap-default\">\n\t\t\t\t\t\t\t<div class=\"elementor-row\">\n\t\t\t\t\t<div class=\"elementor-column elementor-col-100 elementor-top-column elementor-element elementor-element-33ebc46\" data-id=\"33ebc46\" data-element_type=\"column\">\n\t\t\t<div class=\"elementor-column-wrap elementor-element-populated\">\n\t\t\t\t\t\t\t<div class=\"elementor-widget-wrap\">\n\t\t\t\t\t\t<div class=\"elementor-element elementor-element-908e46b elementor-widget elementor-widget-image\" data-id=\"908e46b\" data-element_type=\"widget\" data-widget_type=\"image.default\">\n\t\t\t\t<div class=\"elementor-widget-container\">\n\t\t\t\t\t\t\t\t<div class=\"elementor-image\">\n\t\t\t\t\t\t\t\t\t<figure class=\"wp-caption\">\n\t\t\t\t\t\t\t\t\t\t<img loading=\"lazy\" decoding=\"async\" width=\"432\" height=\"216\" src=\"https:\/\/josipdol.hr\/stara\/wp-content\/uploads\/2020\/12\/hr-ka-jo.gif\" class=\"attachment-large size-large\" alt=\"\" \/>\t\t\t\t\t\t\t\t\t\t\t<figcaption class=\"widget-image-caption wp-caption-text\">Sve\u010dana zastava Op\u0107ine Josipdol<\/figcaption>\n\t\t\t\t\t\t\t\t\t\t<\/figure>\n\t\t\t\t\t\t\t\t<\/div>\n\t\t\t\t\t\t<\/div>\n\t\t\t\t<\/div>\n\t\t\t\t\t\t<\/div>\n\t\t\t\t\t<\/div>\n\t\t<\/div>\n\t\t\t\t\t\t\t\t<\/div>\n\t\t\t\t\t<\/div>\n\t\t<\/section>\n\t\t\t\t<section class=\"elementor-section elementor-top-section elementor-element elementor-element-2f73df9 elementor-section-boxed elementor-section-height-default elementor-section-height-default\" data-id=\"2f73df9\" data-element_type=\"section\">\n\t\t\t\t\t\t<div class=\"elementor-container elementor-column-gap-default\">\n\t\t\t\t\t\t\t<div class=\"elementor-row\">\n\t\t\t\t\t<div class=\"elementor-column elementor-col-100 elementor-top-column elementor-element elementor-element-d14e95a\" data-id=\"d14e95a\" data-element_type=\"column\">\n\t\t\t<div class=\"elementor-column-wrap elementor-element-populated\">\n\t\t\t\t\t\t\t<div class=\"elementor-widget-wrap\">\n\t\t\t\t\t\t<div class=\"elementor-element elementor-element-dfcbb51 elementor-widget elementor-widget-text-editor\" data-id=\"dfcbb51\" data-element_type=\"widget\" data-widget_type=\"text-editor.default\">\n\t\t\t\t<div class=\"elementor-widget-container\">\n\t\t\t\t\t\t\t\t<div class=\"elementor-text-editor elementor-clearfix\">\n\t\t\t\t<p style=\"text-align: left;\"><span style=\"letter-spacing: 0px;\"><strong>Stolna zastavica<\/strong> temelji se na sve\u010danoj, ali nije potpuno ista, crvena okomita zastava trokutastog zavr\u0161etka, s grbom u sredini, imenom iznad i dvije ukr\u0161tene gran\u010dice ispod.<\/span><\/p>\t\t\t\t\t<\/div>\n\t\t\t\t\t\t<\/div>\n\t\t\t\t<\/div>\n\t\t\t\t\t\t<\/div>\n\t\t\t\t\t<\/div>\n\t\t<\/div>\n\t\t\t\t\t\t\t\t<\/div>\n\t\t\t\t\t<\/div>\n\t\t<\/section>\n\t\t\t\t<section class=\"elementor-section elementor-top-section elementor-element elementor-element-8738da5 elementor-section-boxed elementor-section-height-default elementor-section-height-default\" data-id=\"8738da5\" data-element_type=\"section\">\n\t\t\t\t\t\t<div class=\"elementor-container elementor-column-gap-default\">\n\t\t\t\t\t\t\t<div class=\"elementor-row\">\n\t\t\t\t\t<div class=\"elementor-column elementor-col-100 elementor-top-column elementor-element elementor-element-601d2aa\" data-id=\"601d2aa\" data-element_type=\"column\">\n\t\t\t<div class=\"elementor-column-wrap elementor-element-populated\">\n\t\t\t\t\t\t\t<div class=\"elementor-widget-wrap\">\n\t\t\t\t\t\t<div class=\"elementor-element elementor-element-5068c96 elementor-widget elementor-widget-image\" data-id=\"5068c96\" data-element_type=\"widget\" data-widget_type=\"image.default\">\n\t\t\t\t<div class=\"elementor-widget-container\">\n\t\t\t\t\t\t\t\t<div class=\"elementor-image\">\n\t\t\t\t\t\t\t\t\t<figure class=\"wp-caption\">\n\t\t\t\t\t\t\t\t\t\t<img loading=\"lazy\" decoding=\"async\" width=\"216\" height=\"400\" src=\"https:\/\/josipdol.hr\/stara\/wp-content\/uploads\/2020\/12\/hr-ka-jo2.gif\" class=\"attachment-large size-large\" alt=\"\" \/>\t\t\t\t\t\t\t\t\t\t\t<figcaption class=\"widget-image-caption wp-caption-text\">Stolna zastavica Op\u0107ine Josipdol<\/figcaption>\n\t\t\t\t\t\t\t\t\t\t<\/figure>\n\t\t\t\t\t\t\t\t<\/div>\n\t\t\t\t\t\t<\/div>\n\t\t\t\t<\/div>\n\t\t\t\t\t\t<\/div>\n\t\t\t\t\t<\/div>\n\t\t<\/div>\n\t\t\t\t\t\t\t\t<\/div>\n\t\t\t\t\t<\/div>\n\t\t<\/section>\n\t\t\t\t\t\t<\/div>\n\t\t\t\t\t\t<\/div>\n\t\t\t\t\t<\/div>\n\t\t","protected":false},"excerpt":{"rendered":"<p>Obilje\u017eja Josipdola Grb Josipdola je\u00a0u srebrnom \u0161titu heraldi\u010dka kaciga s crveno-zlatnim pla\u0161tem i to\u010denicom te kao nakit na njemu krilo vodoravno razdijeljeno crveno i zlatno sa \u0161estokrakom zlatnom zvijezdom u gornjem polju. Grb op\u0107ine Josipdol neobi\u010dan je stoga \u0161to se na njemu nalazi dio velikog grba koji se ina\u010de ne nalazi na samom \u0161titu. Naime [&hellip;]<\/p>\n","protected":false},"author":12,"featured_media":5070,"parent":1315,"menu_order":0,"comment_status":"closed","ping_status":"closed","template":"elementor_header_footer","meta":{"footnotes":""},"_links":{"self":[{"href":"https:\/\/josipdol.hr\/stara\/wp-json\/wp\/v2\/pages\/3379"}],"collection":[{"href":"https:\/\/josipdol.hr\/stara\/wp-json\/wp\/v2\/pages"}],"about":[{"href":"https:\/\/josipdol.hr\/stara\/wp-json\/wp\/v2\/types\/page"}],"author":[{"embeddable":true,"href":"https:\/\/josipdol.hr\/stara\/wp-json\/wp\/v2\/users\/12"}],"replies":[{"embeddable":true,"href":"https:\/\/josipdol.hr\/stara\/wp-json\/wp\/v2\/comments?post=3379"}],"version-history":[{"count":18,"href":"https:\/\/josipdol.hr\/stara\/wp-json\/wp\/v2\/pages\/3379\/revisions"}],"predecessor-version":[{"id":9234,"href":"https:\/\/josipdol.hr\/stara\/wp-json\/wp\/v2\/pages\/3379\/revisions\/9234"}],"up":[{"embeddable":true,"href":"https:\/\/josipdol.hr\/stara\/wp-json\/wp\/v2\/pages\/1315"}],"wp:featuredmedia":[{"embeddable":true,"href":"https:\/\/josipdol.hr\/stara\/wp-json\/wp\/v2\/media\/5070"}],"wp:attachment":[{"href":"https:\/\/josipdol.hr\/stara\/wp-json\/wp\/v2\/media?parent=3379"}],"curies":[{"name":"wp","href":"https:\/\/api.w.org\/{rel}","templated":true}]}}