{"id":1315,"date":"2020-08-20T03:27:25","date_gmt":"2020-08-20T02:27:25","guid":{"rendered":"http:\/\/demo.ovathemes.com\/egovt\/?page_id=1315"},"modified":"2021-02-17T18:57:18","modified_gmt":"2021-02-17T17:57:18","slug":"josipdol","status":"publish","type":"page","link":"https:\/\/josipdol.hr\/stara\/josipdol\/","title":{"rendered":"O Josipdolu"},"content":{"rendered":"\t\t<div data-elementor-type=\"wp-page\" data-elementor-id=\"1315\" class=\"elementor elementor-1315\" data-elementor-settings=\"[]\">\n\t\t\t\t\t\t<div class=\"elementor-inner\">\n\t\t\t\t\t\t\t<div class=\"elementor-section-wrap\">\n\t\t\t\t\t\t\t<section class=\"elementor-section elementor-top-section elementor-element elementor-element-e1dd29d elementor-section-boxed elementor-section-height-default elementor-section-height-default\" data-id=\"e1dd29d\" data-element_type=\"section\">\n\t\t\t\t\t\t<div class=\"elementor-container elementor-column-gap-default\">\n\t\t\t\t\t\t\t<div class=\"elementor-row\">\n\t\t\t\t\t<div class=\"elementor-column elementor-col-50 elementor-top-column elementor-element elementor-element-72ce8f4\" data-id=\"72ce8f4\" data-element_type=\"column\">\n\t\t\t<div class=\"elementor-column-wrap elementor-element-populated\">\n\t\t\t\t\t\t\t<div class=\"elementor-widget-wrap\">\n\t\t\t\t\t\t<div class=\"elementor-element elementor-element-a673ea2 elementor-widget elementor-widget-heading\" data-id=\"a673ea2\" data-element_type=\"widget\" data-widget_type=\"heading.default\">\n\t\t\t\t<div class=\"elementor-widget-container\">\n\t\t\t<h2 class=\"elementor-heading-title elementor-size-default\">Josipdol<\/h2>\t\t<\/div>\n\t\t\t\t<\/div>\n\t\t\t\t<div class=\"elementor-element elementor-element-fee4d3a elementor-widget elementor-widget-text-editor\" data-id=\"fee4d3a\" data-element_type=\"widget\" data-widget_type=\"text-editor.default\">\n\t\t\t\t<div class=\"elementor-widget-container\">\n\t\t\t\t\t\t\t\t<div class=\"elementor-text-editor elementor-clearfix\">\n\t\t\t\t<p><b>Josipdol<\/b>\u00a0(njem.\u00a0Josephsthal) je op\u0107ina u\u00a0Hrvatskoj, na sjeveru\u00a0Like. Administrativno spada u\u00a0Karlova\u010dku \u017eupaniju.<\/p><p>Op\u0107ini Josipdol pripadaju naselja Carevo Polje, Cerovnik, Isto\u010dni Trojvrh, Josipdol, Modru\u0161, Munjava, Munjava Modru\u0161ka, O\u0161tarije, Sabljaki Modru\u0161ki, Salopeki Modru\u0161ki, Skradnik, Trojvrh, Vajin Vrh, Vojnovac. Do novog ustrojstva lokalne uprave ovo podru\u010dje je pripadalo op\u0107ini Ogulin.<\/p>\t\t\t\t\t<\/div>\n\t\t\t\t\t\t<\/div>\n\t\t\t\t<\/div>\n\t\t\t\t<div class=\"elementor-element elementor-element-406b32d elementor-widget elementor-widget-image\" data-id=\"406b32d\" data-element_type=\"widget\" data-widget_type=\"image.default\">\n\t\t\t\t<div class=\"elementor-widget-container\">\n\t\t\t\t\t\t\t\t<div class=\"elementor-image\">\n\t\t\t\t\t\t\t\t\t\t\t\t\t<a href=\"https:\/\/josipdol.hr\/wp-content\/uploads\/2021\/02\/u-sredistu-Hrvatske.png\" data-elementor-open-lightbox=\"yes\" data-elementor-lightbox-title=\"u sredi\u0161tu Hrvatske\">\n\t\t\t\t\t\t\t<img loading=\"lazy\" decoding=\"async\" width=\"300\" height=\"200\" src=\"https:\/\/josipdol.hr\/stara\/wp-content\/uploads\/2021\/02\/u-sredistu-Hrvatske-300x200.png\" class=\"attachment-medium size-medium\" alt=\"\" srcset=\"https:\/\/josipdol.hr\/stara\/wp-content\/uploads\/2021\/02\/u-sredistu-Hrvatske-300x200.png 300w, https:\/\/josipdol.hr\/stara\/wp-content\/uploads\/2021\/02\/u-sredistu-Hrvatske-600x400.png 600w, https:\/\/josipdol.hr\/stara\/wp-content\/uploads\/2021\/02\/u-sredistu-Hrvatske-560x373.png 560w, https:\/\/josipdol.hr\/stara\/wp-content\/uploads\/2021\/02\/u-sredistu-Hrvatske.png 605w\" sizes=\"(max-width: 300px) 100vw, 300px\" \/>\t\t\t\t\t\t\t\t<\/a>\n\t\t\t\t\t\t\t\t\t\t\t\t\t\t<\/div>\n\t\t\t\t\t\t<\/div>\n\t\t\t\t<\/div>\n\t\t\t\t\t\t<\/div>\n\t\t\t\t\t<\/div>\n\t\t<\/div>\n\t\t\t\t<div class=\"elementor-column elementor-col-50 elementor-top-column elementor-element elementor-element-bef0398\" data-id=\"bef0398\" data-element_type=\"column\">\n\t\t\t<div class=\"elementor-column-wrap elementor-element-populated\">\n\t\t\t\t\t\t\t<div class=\"elementor-widget-wrap\">\n\t\t\t\t\t\t<div class=\"elementor-element elementor-element-9d5dbbc elementor-widget elementor-widget-image\" data-id=\"9d5dbbc\" data-element_type=\"widget\" data-widget_type=\"image.default\">\n\t\t\t\t<div class=\"elementor-widget-container\">\n\t\t\t\t\t\t\t\t<div class=\"elementor-image\">\n\t\t\t\t\t\t\t\t\t\t\t\t<img loading=\"lazy\" decoding=\"async\" width=\"1024\" height=\"576\" src=\"https:\/\/josipdol.hr\/stara\/wp-content\/uploads\/2020\/12\/DJI_0037-scaled-1.jpg\" class=\"attachment-large size-large\" alt=\"\" srcset=\"https:\/\/josipdol.hr\/stara\/wp-content\/uploads\/2020\/12\/DJI_0037-scaled-1.jpg 1024w, https:\/\/josipdol.hr\/stara\/wp-content\/uploads\/2020\/12\/DJI_0037-scaled-1-300x169.jpg 300w, https:\/\/josipdol.hr\/stara\/wp-content\/uploads\/2020\/12\/DJI_0037-scaled-1-768x432.jpg 768w, https:\/\/josipdol.hr\/stara\/wp-content\/uploads\/2020\/12\/DJI_0037-scaled-1-600x338.jpg 600w, https:\/\/josipdol.hr\/stara\/wp-content\/uploads\/2020\/12\/DJI_0037-scaled-1-560x315.jpg 560w\" sizes=\"(max-width: 1024px) 100vw, 1024px\" \/>\t\t\t\t\t\t\t\t\t\t\t\t\t\t<\/div>\n\t\t\t\t\t\t<\/div>\n\t\t\t\t<\/div>\n\t\t\t\t<div class=\"elementor-element elementor-element-ddbf186 elementor-widget elementor-widget-text-editor\" data-id=\"ddbf186\" data-element_type=\"widget\" data-widget_type=\"text-editor.default\">\n\t\t\t\t<div class=\"elementor-widget-container\">\n\t\t\t\t\t\t\t\t<div class=\"elementor-text-editor elementor-clearfix\">\n\t\t\t\t<p>Josipdol se nalazi na dodiru gorske i nizinske Hrvatske te ima izuzetno povoljan prometni polo\u017eaj. Preko podru\u010dja op\u0107ine Josipdol spajaju se sjever i Jug, ali i istok i zapad Hrvatske. Naime, preko op\u0107inskog podru\u010dja prolazi \u017eeljezni\u010dka pruga Zagreb-Rijeka, od koje se u O\u0161tarijama odvaja \u017eeljezni\u010dka pruga prema Splitu, te autocesta koja povezuje Zagreb i Split i dr\u017eavna cesta D42 od Vrbovskog do Grabovca\u00a0 na dr\u017eavnoj cesti D1.<\/p>\t\t\t\t\t<\/div>\n\t\t\t\t\t\t<\/div>\n\t\t\t\t<\/div>\n\t\t\t\t\t\t<\/div>\n\t\t\t\t\t<\/div>\n\t\t<\/div>\n\t\t\t\t\t\t\t\t<\/div>\n\t\t\t\t\t<\/div>\n\t\t<\/section>\n\t\t\t\t<section class=\"elementor-section elementor-top-section elementor-element elementor-element-d023e91 elementor-section-boxed elementor-section-height-default elementor-section-height-default\" data-id=\"d023e91\" data-element_type=\"section\" data-settings=\"{&quot;background_background&quot;:&quot;classic&quot;}\">\n\t\t\t\t\t\t<div class=\"elementor-container elementor-column-gap-default\">\n\t\t\t\t\t\t\t<div class=\"elementor-row\">\n\t\t\t\t\t<div class=\"elementor-column elementor-col-50 elementor-top-column elementor-element elementor-element-f702eaa\" data-id=\"f702eaa\" data-element_type=\"column\">\n\t\t\t<div class=\"elementor-column-wrap elementor-element-populated\">\n\t\t\t\t\t\t\t<div class=\"elementor-widget-wrap\">\n\t\t\t\t\t\t<div class=\"elementor-element elementor-element-f240282 elementor-widget elementor-widget-ova_heading\" data-id=\"f240282\" data-element_type=\"widget\" data-widget_type=\"ova_heading.default\">\n\t\t\t\t<div class=\"elementor-widget-container\">\n\t\t\t\t\t<div class=\"ova-heading\">\n\t\t\t\n\t\t\t\t\t\t\t<h3 class=\"title second_font\">Vizija i budu\u0107nost<\/h3>\n\t\t\t\n\t\t\t\t\t\t\t<p class=\"sub-title \">Na\u0161a op\u0107ina te\u017ei ka razoju, prosperitetu i boljoj budu\u0107nosti.<\/p>\n\t\t\t\n\t\t<\/div>\n\t\t\t\t<\/div>\n\t\t\t\t<\/div>\n\t\t\t\t\t\t<\/div>\n\t\t\t\t\t<\/div>\n\t\t<\/div>\n\t\t\t\t<div class=\"elementor-column elementor-col-50 elementor-top-column elementor-element elementor-element-6c2d943\" data-id=\"6c2d943\" data-element_type=\"column\">\n\t\t\t<div class=\"elementor-column-wrap elementor-element-populated\">\n\t\t\t\t\t\t\t<div class=\"elementor-widget-wrap\">\n\t\t\t\t\t\t<section class=\"elementor-section elementor-inner-section elementor-element elementor-element-07438c0 elementor-section-boxed elementor-section-height-default elementor-section-height-default\" data-id=\"07438c0\" data-element_type=\"section\">\n\t\t\t\t\t\t<div class=\"elementor-container elementor-column-gap-default\">\n\t\t\t\t\t\t\t<div class=\"elementor-row\">\n\t\t\t\t\t<div class=\"elementor-column elementor-col-33 elementor-inner-column elementor-element elementor-element-a566377\" data-id=\"a566377\" data-element_type=\"column\">\n\t\t\t<div class=\"elementor-column-wrap elementor-element-populated\">\n\t\t\t\t\t\t\t<div class=\"elementor-widget-wrap\">\n\t\t\t\t\t\t<div class=\"elementor-element elementor-element-9609d44 elementor-widget elementor-widget-ova_feature\" data-id=\"9609d44\" data-element_type=\"widget\" data-widget_type=\"ova_feature.default\">\n\t\t\t\t<div class=\"elementor-widget-container\">\n\t\t\t\n\t\t\t\t\t<div class=\"ova_feature version_3\">\n\t\t\t<div class=\"items\">\n\t\t\t\t\n\t\t\t\t\t\t\t<div class=\"icon\">\n\t\t\t\t\t<span class=\"flaticon-checked\"><\/span>\n\t\t\t\t<\/div>\n\t\t\t\t\n\t\t\t\t\t\t\t\t\t<h3 class=\"title\">\n\t\t\t\t\t\t<a class=\"second_font\" href=\"#\">\n\t\t\t\t\t\t\tProsperitet\t\t\t\t\t\t<\/a>\n\t\t\t\t\t<\/h3>\n\t\t\t\t\n\t\t\t\t\t\t\t\t\t<div class=\"excerpt\">\n\t\t\t\t\t\t<p>\n\t\t\t\t\t\t\tProsperitet gra\u0111ana na\u0161 je prioritet, dobrobit mladih i djece, ali i starijih stanovnika\t\t\t\t\t\t<\/p>\n\t\t\t\t\t<\/div>\n\t\t\t\t\n\t\t\t<\/div>\n\t\t<\/div>\n\t\t\t\t<\/div>\n\t\t\t\t<\/div>\n\t\t\t\t\t\t<\/div>\n\t\t\t\t\t<\/div>\n\t\t<\/div>\n\t\t\t\t<div class=\"elementor-column elementor-col-33 elementor-inner-column elementor-element elementor-element-b06e9b0\" data-id=\"b06e9b0\" data-element_type=\"column\">\n\t\t\t<div class=\"elementor-column-wrap elementor-element-populated\">\n\t\t\t\t\t\t\t<div class=\"elementor-widget-wrap\">\n\t\t\t\t\t\t<div class=\"elementor-element elementor-element-7042202 elementor-widget elementor-widget-ova_feature\" data-id=\"7042202\" data-element_type=\"widget\" data-widget_type=\"ova_feature.default\">\n\t\t\t\t<div class=\"elementor-widget-container\">\n\t\t\t\n\t\t\t\t\t<div class=\"ova_feature version_3\">\n\t\t\t<div class=\"items\">\n\t\t\t\t\n\t\t\t\t\t\t\t<div class=\"icon\">\n\t\t\t\t\t<span class=\"flaticon-checked\"><\/span>\n\t\t\t\t<\/div>\n\t\t\t\t\n\t\t\t\t\t\t\t\t\t<h3 class=\"title\">\n\t\t\t\t\t\t<a class=\"second_font\" href=\"#\">\n\t\t\t\t\t\t\tPotpora kroz \u017eivot\t\t\t\t\t\t<\/a>\n\t\t\t\t\t<\/h3>\n\t\t\t\t\n\t\t\t\t\t\t\t\t\t<div class=\"excerpt\">\n\t\t\t\t\t\t<p>\n\t\t\t\t\t\t\tUslugama i upravljanjem pru\u017eamo zajednici potrebne instrumente za lagodniji \u017eivot\t\t\t\t\t\t<\/p>\n\t\t\t\t\t<\/div>\n\t\t\t\t\n\t\t\t<\/div>\n\t\t<\/div>\n\t\t\t\t<\/div>\n\t\t\t\t<\/div>\n\t\t\t\t\t\t<\/div>\n\t\t\t\t\t<\/div>\n\t\t<\/div>\n\t\t\t\t<div class=\"elementor-column elementor-col-33 elementor-inner-column elementor-element elementor-element-786978f\" data-id=\"786978f\" data-element_type=\"column\">\n\t\t\t<div class=\"elementor-column-wrap elementor-element-populated\">\n\t\t\t\t\t\t\t<div class=\"elementor-widget-wrap\">\n\t\t\t\t\t\t<div class=\"elementor-element elementor-element-d50bd64 elementor-widget elementor-widget-ova_feature\" data-id=\"d50bd64\" data-element_type=\"widget\" data-widget_type=\"ova_feature.default\">\n\t\t\t\t<div class=\"elementor-widget-container\">\n\t\t\t\n\t\t\t\t\t<div class=\"ova_feature version_3\">\n\t\t\t<div class=\"items\">\n\t\t\t\t\n\t\t\t\t\t\t\t<div class=\"icon\">\n\t\t\t\t\t<span class=\"flaticon-checked\"><\/span>\n\t\t\t\t<\/div>\n\t\t\t\t\n\t\t\t\t\t\t\t\t\t<h3 class=\"title\">\n\t\t\t\t\t\t<a class=\"second_font\" href=\"#\">\n\t\t\t\t\t\t\tSklad s prirodom\t\t\t\t\t\t<\/a>\n\t\t\t\t\t<\/h3>\n\t\t\t\t\n\t\t\t\t\t\t\t\t\t<div class=\"excerpt\">\n\t\t\t\t\t\t<p>\n\t\t\t\t\t\t\tSve \u0161to radimo, radimo s ljubavlju prema na\u0161em predivnom okoli\u0161u i prirodi\t\t\t\t\t\t<\/p>\n\t\t\t\t\t<\/div>\n\t\t\t\t\n\t\t\t<\/div>\n\t\t<\/div>\n\t\t\t\t<\/div>\n\t\t\t\t<\/div>\n\t\t\t\t\t\t<\/div>\n\t\t\t\t\t<\/div>\n\t\t<\/div>\n\t\t\t\t\t\t\t\t<\/div>\n\t\t\t\t\t<\/div>\n\t\t<\/section>\n\t\t\t\t\t\t<\/div>\n\t\t\t\t\t<\/div>\n\t\t<\/div>\n\t\t\t\t\t\t\t\t<\/div>\n\t\t\t\t\t<\/div>\n\t\t<\/section>\n\t\t\t\t<section class=\"elementor-section elementor-top-section elementor-element elementor-element-6936259 elementor-section-full_width elementor-section-height-default elementor-section-height-default\" data-id=\"6936259\" data-element_type=\"section\" data-settings=\"{&quot;background_background&quot;:&quot;classic&quot;}\">\n\t\t\t\t\t\t<div class=\"elementor-container elementor-column-gap-default\">\n\t\t\t\t\t\t\t<div class=\"elementor-row\">\n\t\t\t\t\t<div class=\"elementor-column elementor-col-100 elementor-top-column elementor-element elementor-element-179e4a3\" data-id=\"179e4a3\" data-element_type=\"column\" data-settings=\"{&quot;background_background&quot;:&quot;classic&quot;}\">\n\t\t\t<div class=\"elementor-column-wrap elementor-element-populated\">\n\t\t\t\t\t\t\t<div class=\"elementor-widget-wrap\">\n\t\t\t\t\t\t<div class=\"elementor-element elementor-element-01b7782 elementor-widget elementor-widget-ova_heading\" data-id=\"01b7782\" data-element_type=\"widget\" data-widget_type=\"ova_heading.default\">\n\t\t\t\t<div class=\"elementor-widget-container\">\n\t\t\t\t\t<div class=\"ova-heading\">\n\t\t\t\n\t\t\t\t\t\t\t<h3 class=\"title second_font\">Upoznajte predivne znamenitosti<\/h3>\n\t\t\t\n\t\t\t\n\t\t<\/div>\n\t\t\t\t<\/div>\n\t\t\t\t<\/div>\n\t\t\t\t<div class=\"elementor-element elementor-element-c66e1bf elementor-align-center egovt_button elementor-button-success elementor-widget elementor-widget-button\" data-id=\"c66e1bf\" data-element_type=\"widget\" data-widget_type=\"button.default\">\n\t\t\t\t<div class=\"elementor-widget-container\">\n\t\t\t\t\t<div class=\"elementor-button-wrapper\">\n\t\t\t<a href=\"https:\/\/josipdol.hr\/josipdol\/turizam\/\" class=\"elementor-button-link elementor-button elementor-size-sm\" role=\"button\">\n\t\t\t\t\t\t<span class=\"elementor-button-content-wrapper\">\n\t\t\t\t\t\t<span class=\"elementor-button-text\">Idemo<\/span>\n\t\t<\/span>\n\t\t\t\t\t<\/a>\n\t\t<\/div>\n\t\t\t\t<\/div>\n\t\t\t\t<\/div>\n\t\t\t\t\t\t<\/div>\n\t\t\t\t\t<\/div>\n\t\t<\/div>\n\t\t\t\t\t\t\t\t<\/div>\n\t\t\t\t\t<\/div>\n\t\t<\/section>\n\t\t\t\t<section class=\"elementor-section elementor-top-section elementor-element elementor-element-d65ed6b elementor-section-boxed elementor-section-height-default elementor-section-height-default\" data-id=\"d65ed6b\" data-element_type=\"section\">\n\t\t\t\t\t\t<div class=\"elementor-container elementor-column-gap-default\">\n\t\t\t\t\t\t\t<div class=\"elementor-row\">\n\t\t\t\t\t<div class=\"elementor-column elementor-col-100 elementor-top-column elementor-element elementor-element-c49775c\" data-id=\"c49775c\" data-element_type=\"column\">\n\t\t\t<div class=\"elementor-column-wrap elementor-element-populated\">\n\t\t\t\t\t\t\t<div class=\"elementor-widget-wrap\">\n\t\t\t\t\t\t<div class=\"elementor-element elementor-element-a30e927 elementor-widget elementor-widget-spacer\" data-id=\"a30e927\" data-element_type=\"widget\" data-widget_type=\"spacer.default\">\n\t\t\t\t<div class=\"elementor-widget-container\">\n\t\t\t\t\t<div class=\"elementor-spacer\">\n\t\t\t<div class=\"elementor-spacer-inner\"><\/div>\n\t\t<\/div>\n\t\t\t\t<\/div>\n\t\t\t\t<\/div>\n\t\t\t\t\t\t<\/div>\n\t\t\t\t\t<\/div>\n\t\t<\/div>\n\t\t\t\t\t\t\t\t<\/div>\n\t\t\t\t\t<\/div>\n\t\t<\/section>\n\t\t\t\t<section class=\"elementor-section elementor-top-section elementor-element elementor-element-638e249 elementor-section-boxed elementor-section-height-default elementor-section-height-default\" data-id=\"638e249\" data-element_type=\"section\">\n\t\t\t\t\t\t<div class=\"elementor-container elementor-column-gap-default\">\n\t\t\t\t\t\t\t<div class=\"elementor-row\">\n\t\t\t\t\t<div class=\"elementor-column elementor-col-100 elementor-top-column elementor-element elementor-element-2857b90\" data-id=\"2857b90\" data-element_type=\"column\">\n\t\t\t<div class=\"elementor-column-wrap elementor-element-populated\">\n\t\t\t\t\t\t\t<div class=\"elementor-widget-wrap\">\n\t\t\t\t\t\t<section class=\"elementor-section elementor-inner-section elementor-element elementor-element-eab0b74 elementor-section-boxed elementor-section-height-default elementor-section-height-default\" data-id=\"eab0b74\" data-element_type=\"section\">\n\t\t\t\t\t\t<div class=\"elementor-container elementor-column-gap-default\">\n\t\t\t\t\t\t\t<div class=\"elementor-row\">\n\t\t\t\t\t<div class=\"elementor-column elementor-col-50 elementor-inner-column elementor-element elementor-element-0474b98\" data-id=\"0474b98\" data-element_type=\"column\">\n\t\t\t<div class=\"elementor-column-wrap elementor-element-populated\">\n\t\t\t\t\t\t\t<div class=\"elementor-widget-wrap\">\n\t\t\t\t\t\t<div class=\"elementor-element elementor-element-e0509c1 elementor-widget elementor-widget-ova_heading\" data-id=\"e0509c1\" data-element_type=\"widget\" data-widget_type=\"ova_heading.default\">\n\t\t\t\t<div class=\"elementor-widget-container\">\n\t\t\t\t\t<div class=\"ova-heading\">\n\t\t\t\n\t\t\t\t\t\t\t<h3 class=\"title second_font\">Servisne informacije<\/h3>\n\t\t\t\n\t\t\t\t\t\t\t<p class=\"sub-title \">Jednostavne kontaktne informacije o komunalnim uslugama, de\u017eurnim slu\u017ebama, ustanovama i sl.<\/p>\n\t\t\t\n\t\t<\/div>\n\t\t\t\t<\/div>\n\t\t\t\t<\/div>\n\t\t\t\t\t\t<\/div>\n\t\t\t\t\t<\/div>\n\t\t<\/div>\n\t\t\t\t<div class=\"elementor-column elementor-col-50 elementor-inner-column elementor-element elementor-element-202f198\" data-id=\"202f198\" data-element_type=\"column\">\n\t\t\t<div class=\"elementor-column-wrap elementor-element-populated\">\n\t\t\t\t\t\t\t<div class=\"elementor-widget-wrap\">\n\t\t\t\t\t\t<div class=\"elementor-element elementor-element-10b8c5a elementor-button-warning elementor-align-center elementor-widget elementor-widget-button\" data-id=\"10b8c5a\" data-element_type=\"widget\" data-widget_type=\"button.default\">\n\t\t\t\t<div class=\"elementor-widget-container\">\n\t\t\t\t\t<div class=\"elementor-button-wrapper\">\n\t\t\t<a href=\"https:\/\/josipdol.hr\/311-2\/\" class=\"elementor-button-link elementor-button elementor-size-xl\" role=\"button\">\n\t\t\t\t\t\t<span class=\"elementor-button-content-wrapper\">\n\t\t\t\t\t\t<span class=\"elementor-button-icon elementor-align-icon-left\">\n\t\t\t\t<i aria-hidden=\"true\" class=\"fas fa-city\"><\/i>\t\t\t<\/span>\n\t\t\t\t\t\t<span class=\"elementor-button-text\">Pregled servisnih informacija<\/span>\n\t\t<\/span>\n\t\t\t\t\t<\/a>\n\t\t<\/div>\n\t\t\t\t<\/div>\n\t\t\t\t<\/div>\n\t\t\t\t\t\t<\/div>\n\t\t\t\t\t<\/div>\n\t\t<\/div>\n\t\t\t\t\t\t\t\t<\/div>\n\t\t\t\t\t<\/div>\n\t\t<\/section>\n\t\t\t\t<div class=\"elementor-element elementor-element-ec4fbeb elementor-widget elementor-widget-spacer\" data-id=\"ec4fbeb\" data-element_type=\"widget\" data-widget_type=\"spacer.default\">\n\t\t\t\t<div class=\"elementor-widget-container\">\n\t\t\t\t\t<div class=\"elementor-spacer\">\n\t\t\t<div class=\"elementor-spacer-inner\"><\/div>\n\t\t<\/div>\n\t\t\t\t<\/div>\n\t\t\t\t<\/div>\n\t\t\t\t\t\t<\/div>\n\t\t\t\t\t<\/div>\n\t\t<\/div>\n\t\t\t\t\t\t\t\t<\/div>\n\t\t\t\t\t<\/div>\n\t\t<\/section>\n\t\t\t\t\t\t<\/div>\n\t\t\t\t\t\t<\/div>\n\t\t\t\t\t<\/div>\n\t\t","protected":false},"excerpt":{"rendered":"<p>Josipdol Josipdol\u00a0(njem.\u00a0Josephsthal) je op\u0107ina u\u00a0Hrvatskoj, na sjeveru\u00a0Like. Administrativno spada u\u00a0Karlova\u010dku \u017eupaniju. Op\u0107ini Josipdol pripadaju naselja Carevo Polje, Cerovnik, Isto\u010dni Trojvrh, Josipdol, Modru\u0161, Munjava, Munjava Modru\u0161ka, O\u0161tarije, Sabljaki Modru\u0161ki, Salopeki Modru\u0161ki, Skradnik, Trojvrh, Vajin Vrh, Vojnovac. Do novog ustrojstva lokalne uprave ovo podru\u010dje je pripadalo op\u0107ini Ogulin. Josipdol se nalazi na dodiru gorske i nizinske Hrvatske [&hellip;]<\/p>\n","protected":false},"author":12,"featured_media":352,"parent":0,"menu_order":0,"comment_status":"closed","ping_status":"closed","template":"elementor_header_footer","meta":{"footnotes":""},"_links":{"self":[{"href":"https:\/\/josipdol.hr\/stara\/wp-json\/wp\/v2\/pages\/1315"}],"collection":[{"href":"https:\/\/josipdol.hr\/stara\/wp-json\/wp\/v2\/pages"}],"about":[{"href":"https:\/\/josipdol.hr\/stara\/wp-json\/wp\/v2\/types\/page"}],"author":[{"embeddable":true,"href":"https:\/\/josipdol.hr\/stara\/wp-json\/wp\/v2\/users\/12"}],"replies":[{"embeddable":true,"href":"https:\/\/josipdol.hr\/stara\/wp-json\/wp\/v2\/comments?post=1315"}],"version-history":[{"count":46,"href":"https:\/\/josipdol.hr\/stara\/wp-json\/wp\/v2\/pages\/1315\/revisions"}],"predecessor-version":[{"id":9262,"href":"https:\/\/josipdol.hr\/stara\/wp-json\/wp\/v2\/pages\/1315\/revisions\/9262"}],"wp:featuredmedia":[{"embeddable":true,"href":"https:\/\/josipdol.hr\/stara\/wp-json\/wp\/v2\/media\/352"}],"wp:attachment":[{"href":"https:\/\/josipdol.hr\/stara\/wp-json\/wp\/v2\/media?parent=1315"}],"curies":[{"name":"wp","href":"https:\/\/api.w.org\/{rel}","templated":true}]}}